{"id":795,"date":"2016-03-18T07:48:56","date_gmt":"2016-03-18T07:48:56","guid":{"rendered":"http:\/\/master.vhir.org\/el-master-en-xifres\/?lang=es"},"modified":"2021-08-31T07:49:04","modified_gmt":"2021-08-31T07:49:04","slug":"el-master-en-xifres","status":"publish","type":"page","link":"https:\/\/master.vhir.org\/es\/el-master-en-xifres\/","title":{"rendered":"El m\u00e1ster en cifras"},"content":{"rendered":"<p><script id=\"infogram_0_cd1bc426-6036-4dfd-a6cb-0bde9a1aa3d4\" title=\"ESP. Cr\u00e8dits matriculats per estudiant\" src=\"https:\/\/e.infogram.com\/js\/dist\/embed.js?CJA\" type=\"text\/javascript\"><\/script><\/p>\n<p><script id=\"infogram_0_b2b8d2e7-689a-4f14-9724-6fab53f23eb0\" title=\"ESP: Perfils d&amp;amp;#39;estudiants\" src=\"https:\/\/e.infogram.com\/js\/dist\/embed.js?xML\" type=\"text\/javascript\"><\/script><\/p>\n<p><script id=\"infogram_0_80b80291-fbc0-4dff-8c66-724911d2befb\" title=\"Copy: CAT. Dades de preinscripci\u00f3\" src=\"https:\/\/e.infogram.com\/js\/dist\/embed.js?DdT\" type=\"text\/javascript\"><\/script><\/p>\n<p><script id=\"infogram_0_df7f00b5-13a3-41c3-a8cb-57c331fb13c8\" title=\"ESP. Distribuci\u00f3n en funci\u00f3n de la titulaci\u00f3n de acceso\" src=\"https:\/\/e.infogram.com\/js\/dist\/embed.js?5Ys\" type=\"text\/javascript\"><\/script><\/p>\n<p><script id=\"infogram_0_ee861978-5a39-4ef7-b2fb-7d120799d427\" title=\"ESP. Dest\u00ed de pr\u00e0ctiques\" src=\"https:\/\/e.infogram.com\/js\/dist\/embed.js?4up\" type=\"text\/javascript\"><\/script><\/p>\n<p><script id=\"infogram_0_31468b49-4dbe-4589-be30-b31d0fc7c5d4\" title=\"CAST: Taxes\" src=\"https:\/\/e.infogram.com\/js\/dist\/embed.js?ptt\" type=\"text\/javascript\"><\/script><\/p>\n","protected":false},"excerpt":{"rendered":"","protected":false},"author":4,"featured_media":89,"parent":0,"menu_order":0,"comment_status":"closed","ping_status":"closed","template":"page-basic-with-widget.php","meta":{"_acf_changed":false,"footnotes":""},"class_list":["post-795","page","type-page","status-publish","has-post-thumbnail","hentry"],"acf":[],"_links":{"self":[{"href":"https:\/\/master.vhir.org\/es\/wp-json\/wp\/v2\/pages\/795","targetHints":{"allow":["GET"]}}],"collection":[{"href":"https:\/\/master.vhir.org\/es\/wp-json\/wp\/v2\/pages"}],"about":[{"href":"https:\/\/master.vhir.org\/es\/wp-json\/wp\/v2\/types\/page"}],"author":[{"embeddable":true,"href":"https:\/\/master.vhir.org\/es\/wp-json\/wp\/v2\/users\/4"}],"replies":[{"embeddable":true,"href":"https:\/\/master.vhir.org\/es\/wp-json\/wp\/v2\/comments?post=795"}],"version-history":[{"count":26,"href":"https:\/\/master.vhir.org\/es\/wp-json\/wp\/v2\/pages\/795\/revisions"}],"predecessor-version":[{"id":2544,"href":"https:\/\/master.vhir.org\/es\/wp-json\/wp\/v2\/pages\/795\/revisions\/2544"}],"wp:featuredmedia":[{"embeddable":true,"href":"https:\/\/master.vhir.org\/es\/wp-json\/wp\/v2\/media\/89"}],"wp:attachment":[{"href":"https:\/\/master.vhir.org\/es\/wp-json\/wp\/v2\/media?parent=795"}],"curies":[{"name":"wp","href":"https:\/\/api.w.org\/{rel}","templated":true}]}}