{"id":559,"date":"2016-01-28T21:57:53","date_gmt":"2016-01-28T21:57:53","guid":{"rendered":"http:\/\/master.vhir.org\/matricula\/?lang=es"},"modified":"2026-03-19T11:26:38","modified_gmt":"2026-03-19T10:26:38","slug":"matricula","status":"publish","type":"page","link":"https:\/\/master.vhir.org\/es\/matricula\/","title":{"rendered":"Matr\u00edcula"},"content":{"rendered":"<p>El periodo de matr\u00edcula para el curso 2026\/2027 estar\u00e1 abierto <strong>del 8 de septiembre al 15 de octubre <\/strong>de 2026. Para realizar la matr\u00edcula es necesario pedir cita previa en la Secretar\u00eda Acad\u00e9mica del centro, a partir del 1 de septiembre reservando hora a trav\u00e9s de la <a href=\"http:\/\/secretariavirtual.vhir.org\/#services\">Secretaria Virtual<\/a>.<\/p>\n<h2>\u00bfQU\u00c9 DOCUMENTACI\u00d3N NECESITAS?<\/h2>\n<p>En el momento de hacer la matr\u00edcula tendr\u00e1s que presentar:<\/p>\n<ol>\n<li><strong>Original y fotocopia del DNI,<\/strong> del pasaporte o del documento identificativo (para estudiantes de pa\u00edses de la UE).<\/li>\n<li><strong>Original y fotocopia del TIE<\/strong> (Tarjeta de Identidad de Extranjero), para los estudiantes extranjeros no comunitarios. Si el alumno todav\u00eda no dispone de TIE, deber\u00e1 aportar el pasaporte y la fotocopia de la sol\u00b7licitud del TIE. Se otorgar\u00e1 un plazo m\u00e1ximo de cuatro meses para entregar el documento original.<\/li>\n<li><strong>Fotocopia de los datos bancarios<\/strong> con los c\u00f3digos IBAN y BIC (este \u00faltimo s\u00f3lo si la entidad no se encuentra en Espa\u00f1a), de una entidad financiera ubicada en la Uni\u00f3n Europea, Islandia, Liechtenstein, M\u00f3naco, Noruega, San Marino o Suiza.<\/li>\n<li><strong>Fotocopia compulsada del t\u00edtulo<\/strong> que da acceso al m\u00e1ster o del certificado acad\u00e9mico oficial que acredite la expedici\u00f3n.<\/li>\n<li><strong>Fotocopia compulsada\u00a0del certificado acad\u00e9mico<\/strong> de los estudios que dan acceso al m\u00e1ster, en el que figuren el per\u00edodo en a\u00f1os acad\u00e9micos de la titulaci\u00f3n, las materias cursadas, los cr\u00e9ditos obtenidos y las calificaciones obtenidas.<\/li>\n<li><strong>Una fotograf\u00eda tipo carnet en color.<\/strong><\/li>\n<li><strong>Original y fotocopia de la documentaci\u00f3n acreditativa de gratuidad<\/strong> o descuento indicada en la normativa vigente para cada caso.<\/li>\n<\/ol>\n<p><img loading=\"lazy\" decoding=\"async\" class=\"alignnone size-full wp-image-428\" src=\"http:\/\/master.vhir.org\/wp-content\/uploads\/2016\/02\/pdf-file-ico-e1454539588844.png\" alt=\"pdf-file-ico\" width=\"17\" height=\"20\" \/> <a href=\"http:\/\/master.vhir.org\/wp-content\/uploads\/2024\/06\/Manual-de-Matricula-web-2024-2025.pdf\">Manual de Matr\u00edcula web 2024-2025<\/a><a href=\"http:\/\/master.vhir.org\/wp-content\/uploads\/2016\/01\/Manual-matricula-web.pdf\" rel=\"\"><br \/>\n<\/a><\/p>\n<p><a href=\"http:\/\/master.vhir.org\/wp-content\/uploads\/2016\/01\/Documentaci\u00f3n-a-presentar-en-el-momento-matricula.pdf\" rel=\"\"><img loading=\"lazy\" decoding=\"async\" class=\"alignnone size-full wp-image-428\" src=\"http:\/\/master.vhir.org\/wp-content\/uploads\/2016\/02\/pdf-file-ico-e1454539588844.png\" alt=\"pdf-file-ico\" width=\"17\" height=\"20\" \/><\/a> <a href=\"http:\/\/master.vhir.org\/wp-content\/uploads\/2024\/06\/Documentacion_2024_25.pdf\">Documentaci\u00f3n imprescindible a presentar en el momento de la matricula<\/a><\/p>\n","protected":false},"excerpt":{"rendered":"<p>El periodo de matr\u00edcula para el curso 2026\/2027 estar\u00e1 abierto del 8 de septiembre al 15 de octubre de 2026. Para realizar la matr\u00edcula es necesario pedir cita previa en la Secretar\u00eda Acad\u00e9mica del centro, a partir del 1 de septiembre reservando hora a trav\u00e9s de la Secretaria Virtual. \u00bfQU\u00c9 DOCUMENTACI\u00d3N NECESITAS? En el momento [&hellip;]<\/p>\n","protected":false},"author":2,"featured_media":4094,"parent":0,"menu_order":4,"comment_status":"closed","ping_status":"closed","template":"page-basic.php","meta":{"_acf_changed":false,"footnotes":""},"class_list":["post-559","page","type-page","status-publish","has-post-thumbnail","hentry"],"acf":[],"_links":{"self":[{"href":"https:\/\/master.vhir.org\/es\/wp-json\/wp\/v2\/pages\/559","targetHints":{"allow":["GET"]}}],"collection":[{"href":"https:\/\/master.vhir.org\/es\/wp-json\/wp\/v2\/pages"}],"about":[{"href":"https:\/\/master.vhir.org\/es\/wp-json\/wp\/v2\/types\/page"}],"author":[{"embeddable":true,"href":"https:\/\/master.vhir.org\/es\/wp-json\/wp\/v2\/users\/2"}],"replies":[{"embeddable":true,"href":"https:\/\/master.vhir.org\/es\/wp-json\/wp\/v2\/comments?post=559"}],"version-history":[{"count":30,"href":"https:\/\/master.vhir.org\/es\/wp-json\/wp\/v2\/pages\/559\/revisions"}],"predecessor-version":[{"id":4914,"href":"https:\/\/master.vhir.org\/es\/wp-json\/wp\/v2\/pages\/559\/revisions\/4914"}],"wp:featuredmedia":[{"embeddable":true,"href":"https:\/\/master.vhir.org\/es\/wp-json\/wp\/v2\/media\/4094"}],"wp:attachment":[{"href":"https:\/\/master.vhir.org\/es\/wp-json\/wp\/v2\/media?parent=559"}],"curies":[{"name":"wp","href":"https:\/\/api.w.org\/{rel}","templated":true}]}}