{"id":529,"date":"2016-01-28T22:01:13","date_gmt":"2016-01-28T22:01:13","guid":{"rendered":"http:\/\/master.vhir.org\/316-2\/?lang=es"},"modified":"2017-05-16T13:52:43","modified_gmt":"2017-05-16T13:52:43","slug":"316-2","status":"publish","type":"page","link":"https:\/\/master.vhir.org\/es\/316-2\/","title":{"rendered":"Reserva de plaza"},"content":{"rendered":"<p style=\"text-align: justify;\" align=\"justify\">La reserva de plaza es un adelanto del precio de la matr\u00edcula que representa tu aceptaci\u00f3n de la plaza que te ha sido asignada. <strong>La reserva de plaza est\u00e1 incluida en el precio de la matr\u00edcula<\/strong>, puedes elegir que el pago sea de 500, 1000 o 1500 \u20ac, y en todos los casos el importe adelantado ser\u00e1 descontado posteriormente del precio de tu matr\u00edcula.<\/p>\n<p style=\"text-align: justify;\" align=\"justify\">Una vez que hayas recibido la notificaci\u00f3n de admisi\u00f3n al m\u00e1ster podr\u00e1s formalizar la reserva de plaza accediendo a la\u00a0<a href=\"http:\/\/secretariavirtual.vhir.org\/\" target=\"_blank\">Secretar\u00eda Vhirtual<\/a>. Los pasos que debes seguir son:<\/p>\n<ol style=\"text-align: justify;\">\n<li>Identificarte con tu usuario\u00a0y contrase\u00f1a.<\/li>\n<li>Seleccionar en el men\u00fa desplegable la opci\u00f3n &#8220;Reserva de plaza&#8221;.<\/li>\n<li>Seleccionar los m\u00f3dulos donde quieres\u00a0reservar plaza.<\/li>\n<li>Rellenar los datos bancarios para efectuar el pago.<\/li>\n<\/ol>\n<p style=\"text-align: justify;\" align=\"justify\"><strong>El pago de la reserva debe hacerse con tarjeta de cr\u00e9dito y dentro de las fechas indicadas en la\u00a0notificaci\u00f3n de admisi\u00f3n<\/strong>. Ten en cuenta que, en caso de no realizar la reserva de plaza en el plazo indicado perder\u00e1s todos los derechos sobre tu plaza, que quedar\u00e1 a disposici\u00f3n del VHIR y podr\u00e1 ser adjudicada a otro aspirante siguiendo el orden de prelaci\u00f3n. En caso de que est\u00e9s en el \u00faltimo curso de grado y no superes los estudios antes de iniciar el m\u00e1ster el importe abonado en concepto de reserva de plaza te ser\u00e1 reembolsado.<\/p>\n","protected":false},"excerpt":{"rendered":"<p>La reserva de plaza es un adelanto del precio de la matr\u00edcula que representa tu aceptaci\u00f3n de la plaza que te ha sido asignada. La reserva de plaza est\u00e1 incluida en el precio de la matr\u00edcula, puedes elegir que el pago sea de 500, 1000 o 1500 \u20ac, y en todos los casos el importe [&hellip;]<\/p>\n","protected":false},"author":2,"featured_media":4094,"parent":0,"menu_order":0,"comment_status":"closed","ping_status":"closed","template":"page-basic.php","meta":{"_acf_changed":false,"footnotes":""},"class_list":["post-529","page","type-page","status-publish","has-post-thumbnail","hentry"],"acf":[],"_links":{"self":[{"href":"https:\/\/master.vhir.org\/es\/wp-json\/wp\/v2\/pages\/529","targetHints":{"allow":["GET"]}}],"collection":[{"href":"https:\/\/master.vhir.org\/es\/wp-json\/wp\/v2\/pages"}],"about":[{"href":"https:\/\/master.vhir.org\/es\/wp-json\/wp\/v2\/types\/page"}],"author":[{"embeddable":true,"href":"https:\/\/master.vhir.org\/es\/wp-json\/wp\/v2\/users\/2"}],"replies":[{"embeddable":true,"href":"https:\/\/master.vhir.org\/es\/wp-json\/wp\/v2\/comments?post=529"}],"version-history":[{"count":5,"href":"https:\/\/master.vhir.org\/es\/wp-json\/wp\/v2\/pages\/529\/revisions"}],"predecessor-version":[{"id":1089,"href":"https:\/\/master.vhir.org\/es\/wp-json\/wp\/v2\/pages\/529\/revisions\/1089"}],"wp:featuredmedia":[{"embeddable":true,"href":"https:\/\/master.vhir.org\/es\/wp-json\/wp\/v2\/media\/4094"}],"wp:attachment":[{"href":"https:\/\/master.vhir.org\/es\/wp-json\/wp\/v2\/media?parent=529"}],"curies":[{"name":"wp","href":"https:\/\/api.w.org\/{rel}","templated":true}]}}