{"id":518,"date":"2016-01-28T22:08:07","date_gmt":"2016-01-28T22:08:07","guid":{"rendered":"http:\/\/master.vhir.org\/preinscripcio\/?lang=es"},"modified":"2026-04-01T10:49:38","modified_gmt":"2026-04-01T09:49:38","slug":"preinscripcio","status":"publish","type":"page","link":"https:\/\/master.vhir.org\/es\/preinscripcio\/","title":{"rendered":"Preinscripci\u00f3n"},"content":{"rendered":"<p style=\"text-align: justify;\"><strong>El periodo de preinscripci\u00f3n para el curso acad\u00e9mico 2026-2027 estar\u00e1 abierto desde el 12 de enero hasta el 1 de septiembre de 2026, o bien hasta el agotamiento de las plazas disponibles.<\/strong><\/p>\n<p style=\"text-align: justify;\">Comprueba los requisitos de acceso y la documentaci\u00f3n necesaria que deber\u00e1s escanear antes de iniciar la solicitud.<\/p>\n<p style=\"text-align: justify;\">Ten en cuenta que deber\u00e1s liquidar mediante tarjeta bancaria la tasa de preinscripci\u00f3n de 30,21\u20ac.<\/p>\n<table style=\"border-collapse: collapse; width: 100%;\">\n<tbody>\n<tr>\n<td style=\"width: 33.3333%;\">\u00a0<\/td>\n<td style=\"width: 33.3333%; height: 40px; background-color: #a2018d; text-align: center;\"><a href=\"https:\/\/secretariavirtual.vhir.org\/#services\"><span style=\"color: #ffffff;\"><strong>\u00a1Inscr\u00edbete ahora!<\/strong><\/span><\/a><\/td>\n<td style=\"width: 33.3333%;\">\u00a0<\/td>\n<\/tr>\n<\/tbody>\n<\/table>\n<h2 style=\"text-align: justify;\">DOCUMENTOS NECESARIOS<\/h2>\n<ul style=\"text-align: justify;\">\n<li>Expediente acad\u00e9mico de los estudios universitarios con detalle de: asignaturas cursadas, ECTS (o horas), n\u00famero de convocatorias realizadas, nota de cada asignatura y nota media del expediente. (No es necesario que el expediente est\u00e9 cerrado en el momento de hacer la preinscripci\u00f3n, una impresi\u00f3n provisional de las notas es suficiente.)*<\/li>\n<li>CV*<\/li>\n<li>DNI escaneado*<\/li>\n<li>T\u00edtulo correspondiente a los estudios que dan acceso al m\u00e1ster (s\u00f3lo\u00a0en caso de haber finalizado los estudios).<\/li>\n<li>Carta de motivaci\u00f3n dirigida a la Coordinaci\u00f3n del M\u00e1ster (redactada en ingl\u00e9s).*<\/li>\n<li>Cartas de recomendaci\u00f3n de acad\u00e9micos y\/o investigadores.<\/li>\n<li>Certificado acreditativo del nivel de ingl\u00e9s.<\/li>\n<\/ul>\n<p><em>*Documentaci\u00f3n obligatoria<\/em><\/p>\n<h2 style=\"text-align: justify;\">FORMULARIO DE PREINSCRIPCI\u00d3<\/h2>\n<ol>\n<li>Para acceder a la aplicaci\u00f3n necesitas estar registrado en el sistema de Secretar\u00eda Virtual del VHIR.\n<ul>\n<li>Si ya eres usuario de la secretar\u00eda virtual, dir\u00edgete a tus servicios <a href=\"http:\/\/secretariavirtual.vhir.org\/\" target=\"_blank\" rel=\"noopener\">aqu\u00ed<\/a><\/li>\n<li>Si no est\u00e1s registrado, introduce tus datos y procederemos a crearte una cuenta de usuario <a href=\"http:\/\/secretariavirtual.vhir.org\/?p=registrar.php&amp;lang=es\" target=\"_blank\" rel=\"noopener\">aqu\u00ed<\/a><\/li>\n<\/ul>\n<\/li>\n<li>Una vez registrado, accede a la\u00a0secretar\u00eda virtual\u00a0para realizar la solicitud de preinscripci\u00f3n.<\/li>\n<li>Selecciona tu opci\u00f3n de estudios.<\/li>\n<li>Introduce los datos personales y acad\u00e9micos en los diferentes apartados de la solicitud.<\/li>\n<li>Escanea los documentos necesarios y adj\u00fantalos a tu solicitud.<\/li>\n<li>Abona la tasa de inscripci\u00f3n de 30,21\u20ac con tarjeta bancaria de cr\u00e9dito o d\u00e9bito (no reembolsable).<\/li>\n<li>Si lo deseas, puedes descargar el comprobante de tu solicitud.<\/li>\n<\/ol>\n<p style=\"text-align: justify;\"><strong><u><a href=\"http:\/\/secretariavirtual.vhir.org\/\" target=\"_blank\" rel=\"noopener\">ACCEDE A LA PREINSCRIPCI\u00d3N<\/a><\/u><\/strong><\/p>\n<h2 style=\"text-align: justify;\">RESOLUCI\u00d3N DE ADMISI\u00d3N<\/h2>\n<p style=\"text-align: justify;\">Las solicitudes de admisi\u00f3n ser\u00e1n evaluadas siguiendo el calendario de rondas de admisi\u00f3n que se muestra a continuaci\u00f3n:<\/p>\n<table style=\"height: 159px; border-color: #7d7c7c; width: 81.4486%;\" width=\"647\">\n<tbody>\n<tr style=\"height: 63px;\">\n<td style=\"text-align: left; height: 63px; width: 35.3191%;\"><strong>Fecha l\u00edmite de solicitud de admisi\u00f3n<\/strong><\/td>\n<td style=\"text-align: left; height: 63px; width: 31.2766%;\"><strong>Notificaci\u00f3n de resoluci\u00f3n<\/strong><\/td>\n<td style=\"text-align: left; height: 63px; width: 98.8508%;\"><strong>Fecha l\u00edmite de reserva de plaza<\/strong><\/td>\n<\/tr>\n<tr style=\"height: 32px;\">\n<td style=\"text-align: left; height: 32px; width: 35.3191%;\">10 de abril de 2026<\/td>\n<td style=\"text-align: left; height: 32px; width: 31.2766%;\">29-30 de abril de 2026\u00a0<\/td>\n<td style=\"text-align: left; height: 32px; width: 98.8508%;\">11 de mayo de 2026<\/td>\n<\/tr>\n<tr style=\"height: 32px;\">\n<td style=\"text-align: left; height: 32px; width: 35.3191%;\">22 de mayo de 2026<\/td>\n<td style=\"text-align: left; height: 32px; width: 31.2766%;\">9-10 de junio de 2026<\/td>\n<td style=\"text-align: left; height: 32px; width: 98.8508%;\">23 de junio de 2026<\/td>\n<\/tr>\n<tr style=\"height: 32px;\">\n<td style=\"text-align: left; height: 32px; width: 35.3191%;\">1 septiembre 2026<\/td>\n<td style=\"text-align: left; height: 32px; width: 31.2766%;\">04 septiembre 2026<\/td>\n<td style=\"text-align: left; height: 32px; width: 98.8508%;\">10 septiembre 2026<\/td>\n<\/tr>\n<\/tbody>\n<\/table>\n<p>&nbsp;<\/p>\n","protected":false},"excerpt":{"rendered":"<p>El periodo de preinscripci\u00f3n para el curso acad\u00e9mico 2026-2027 estar\u00e1 abierto desde el 12 de enero hasta el 1 de septiembre de 2026, o bien hasta el agotamiento de las plazas disponibles. Comprueba los requisitos de acceso y la documentaci\u00f3n necesaria que deber\u00e1s escanear antes de iniciar la solicitud. Ten en cuenta que deber\u00e1s liquidar [&hellip;]<\/p>\n","protected":false},"author":2,"featured_media":4094,"parent":0,"menu_order":0,"comment_status":"closed","ping_status":"closed","template":"page-basic.php","meta":{"_acf_changed":false,"footnotes":""},"class_list":["post-518","page","type-page","status-publish","has-post-thumbnail","hentry"],"acf":[],"_links":{"self":[{"href":"https:\/\/master.vhir.org\/es\/wp-json\/wp\/v2\/pages\/518","targetHints":{"allow":["GET"]}}],"collection":[{"href":"https:\/\/master.vhir.org\/es\/wp-json\/wp\/v2\/pages"}],"about":[{"href":"https:\/\/master.vhir.org\/es\/wp-json\/wp\/v2\/types\/page"}],"author":[{"embeddable":true,"href":"https:\/\/master.vhir.org\/es\/wp-json\/wp\/v2\/users\/2"}],"replies":[{"embeddable":true,"href":"https:\/\/master.vhir.org\/es\/wp-json\/wp\/v2\/comments?post=518"}],"version-history":[{"count":37,"href":"https:\/\/master.vhir.org\/es\/wp-json\/wp\/v2\/pages\/518\/revisions"}],"predecessor-version":[{"id":4916,"href":"https:\/\/master.vhir.org\/es\/wp-json\/wp\/v2\/pages\/518\/revisions\/4916"}],"wp:featuredmedia":[{"embeddable":true,"href":"https:\/\/master.vhir.org\/es\/wp-json\/wp\/v2\/media\/4094"}],"wp:attachment":[{"href":"https:\/\/master.vhir.org\/es\/wp-json\/wp\/v2\/media?parent=518"}],"curies":[{"name":"wp","href":"https:\/\/api.w.org\/{rel}","templated":true}]}}