{"id":4293,"date":"2024-06-04T08:26:29","date_gmt":"2024-06-04T08:26:29","guid":{"rendered":"https:\/\/master.vhir.org\/home\/"},"modified":"2025-04-07T12:05:52","modified_gmt":"2025-04-07T11:05:52","slug":"home","status":"publish","type":"page","link":"https:\/\/master.vhir.org\/es\/","title":{"rendered":"Home"},"content":{"rendered":"<p>&nbsp;<\/p>\n<p style=\"text-align: center;\">El M\u00e1ster en Investigaci\u00f3n Biom\u00e9dica Traslacional es un programa de car\u00e1cter oficial creado para formar investigadores de excelencia, con la combinaci\u00f3n necesaria de conocimientos y competencias cient\u00edficas y m\u00e9dicas para contribuir al \u00e9xito de la investigaci\u00f3n biom\u00e9dica traslacional del futuro.<\/p>\n<table style=\"border-collapse: collapse; width: 100%;\">\n<tbody>\n<tr>\n<td style=\"width: 33.3333%;\">\u00a0<\/td>\n<td style=\"width: 33.3333%; background-color: #a2018d; height: 40px; text-align: center;\"><span style=\"color: #ffffff;\"><a style=\"color: #ffffff;\" href=\"https:\/\/secretariavirtual.vhir.org\/#services\"><strong>\u00a1Inscr\u00edbete ahora!<\/strong><\/a><\/span><\/td>\n<td style=\"width: 33.3333%;\">\u00a0<\/td>\n<\/tr>\n<\/tbody>\n<\/table>\n<p><img loading=\"lazy\" decoding=\"async\" class=\"alignnone size-large wp-image-4661\" src=\"http:\/\/master.vhir.org\/wp-content\/uploads\/2025\/04\/FE1A1769-1024x683.jpg\" alt=\"\" width=\"640\" height=\"427\" srcset=\"https:\/\/master.vhir.org\/wp-content\/uploads\/2025\/04\/FE1A1769-1024x683.jpg 1024w, https:\/\/master.vhir.org\/wp-content\/uploads\/2025\/04\/FE1A1769-300x200.jpg 300w, https:\/\/master.vhir.org\/wp-content\/uploads\/2025\/04\/FE1A1769-768x512.jpg 768w, https:\/\/master.vhir.org\/wp-content\/uploads\/2025\/04\/FE1A1769-1536x1024.jpg 1536w, https:\/\/master.vhir.org\/wp-content\/uploads\/2025\/04\/FE1A1769-2048x1365.jpg 2048w\" sizes=\"auto, (max-width: 640px) 100vw, 640px\" \/><\/p>\n","protected":false},"excerpt":{"rendered":"<p>&nbsp; El M\u00e1ster en Investigaci\u00f3n Biom\u00e9dica Traslacional es un programa de car\u00e1cter oficial creado para formar investigadores de excelencia, con la combinaci\u00f3n necesaria de conocimientos y competencias cient\u00edficas y m\u00e9dicas para contribuir al \u00e9xito de la investigaci\u00f3n biom\u00e9dica traslacional del futuro. \u00a0 \u00a1Inscr\u00edbete ahora! \u00a0<\/p>\n","protected":false},"author":2,"featured_media":0,"parent":0,"menu_order":0,"comment_status":"closed","ping_status":"closed","template":"","meta":{"_acf_changed":false,"footnotes":""},"class_list":["post-4293","page","type-page","status-publish","hentry"],"acf":[],"_links":{"self":[{"href":"https:\/\/master.vhir.org\/es\/wp-json\/wp\/v2\/pages\/4293","targetHints":{"allow":["GET"]}}],"collection":[{"href":"https:\/\/master.vhir.org\/es\/wp-json\/wp\/v2\/pages"}],"about":[{"href":"https:\/\/master.vhir.org\/es\/wp-json\/wp\/v2\/types\/page"}],"author":[{"embeddable":true,"href":"https:\/\/master.vhir.org\/es\/wp-json\/wp\/v2\/users\/2"}],"replies":[{"embeddable":true,"href":"https:\/\/master.vhir.org\/es\/wp-json\/wp\/v2\/comments?post=4293"}],"version-history":[{"count":3,"href":"https:\/\/master.vhir.org\/es\/wp-json\/wp\/v2\/pages\/4293\/revisions"}],"predecessor-version":[{"id":4665,"href":"https:\/\/master.vhir.org\/es\/wp-json\/wp\/v2\/pages\/4293\/revisions\/4665"}],"wp:attachment":[{"href":"https:\/\/master.vhir.org\/es\/wp-json\/wp\/v2\/media?parent=4293"}],"curies":[{"name":"wp","href":"https:\/\/api.w.org\/{rel}","templated":true}]}}