{"id":268,"date":"2016-01-22T23:41:48","date_gmt":"2016-01-22T23:41:48","guid":{"rendered":"http:\/\/master.vhir.org\/practiques-2-2\/"},"modified":"2026-01-09T09:50:18","modified_gmt":"2026-01-09T08:50:18","slug":"practiques-2","status":"publish","type":"page","link":"https:\/\/master.vhir.org\/es\/practiques-2\/","title":{"rendered":"Pr\u00e1cticas"},"content":{"rendered":"<p class=\"page-subtitle\" style=\"text-align: justify;\">El m\u00f3dulo de Pr\u00e1cticas Externas corresponde a un trabajo de laboratorio eminentemente pr\u00e1ctico encaminado a <strong>consolidar, perfeccionar y completar la formaci\u00f3n<\/strong> adquirida a trav\u00e9s de los diferentes m\u00f3dulos te\u00f3ricos del m\u00e1ster. Esta estancia proporciona a los estudiantes la oportunidad de ganar experiencia y aprender a desenvolverse en el <strong>entorno profesional<\/strong>.<\/p>\n<p style=\"text-align: justify;\">Las estancias de pr\u00e1cticas duran entre tres y seis meses y se pueden realizar en un laboratorio de investigaci\u00f3n del VHIR o en una instituci\u00f3n externa, como centros de investigaci\u00f3n o empresas farmac\u00e9uticas o biotecnol\u00f3gicas. Durante este periodo, el estudiante estar\u00e1 supervisado por un <strong>tutor de pr\u00e1cticas<\/strong>, que guiar\u00e1 y evaluar\u00e1 el trabajo diario del alumno.<\/p>\n<p style=\"text-align: justify;\">El VHIR ofrece a todos los estudiantes la posibilidad de realizar las pr\u00e1cticas en uno de los laboratorios del Instituto de Investigaci\u00f3n. Los estudiantes interesados \u200b\u200bdeben dirigirse por correo electr\u00f3nico a la persona de contacto que aparece en cada oferta.<\/p>\n<p style=\"text-align: justify;\">Una vez hayas sido admitido para realizar pr\u00e1cticas en un grupo de investigaci\u00f3n o una empresa externa, deber\u00e1s dirigirte a la Secretar\u00eda Acad\u00e9mica del VHIR para firmar el <strong>convenio<\/strong>\u00a0<strong>de colaboraci\u00f3n<\/strong> y hacer todos los tr\u00e1mites necesarios para las pr\u00e1cticas.<\/p>\n<p style=\"text-align: justify;\"><img loading=\"lazy\" decoding=\"async\" class=\"alignnone size-full wp-image-428\" src=\"http:\/\/master.vhir.org\/wp-content\/uploads\/2016\/02\/pdf-file-ico-e1454539588844.png\" alt=\"pdf-file-ico\" width=\"17\" height=\"20\" \/>\u00a0<a href=\"http:\/\/master.vhir.org\/wp-content\/uploads\/2025\/01\/Collaborating-entities-25-26-1.pdf\">Centros y entidades colaboradoras<\/a><\/p>\n<p style=\"text-align: justify;\">Ofertas de <strong>pr\u00e1cticas disponibles para el curso 2025-2026:<\/strong><\/p>\n<p style=\"text-align: justify;\"><div id=\"ondeuev_internship_filter\" class=\"ondeuev_internship_filter\"><h3>Advanced Search<\/h3><form name=\"internship_filter\" method=\"POST\" ><select id=\"especialidad\" class=\"flex-items\"><option selected=\"selected\" value=\"all\">All Specialities<\/option><option value=cardiologia-es>Cardiolog\u00eda<\/option><option value=enfermedades-digestivas>Enfermedades Digestivas<\/option><option value=enfermedades-hepaticas>Enfermedades Hep\u00e1ticas<\/option><option value=enfermedades-infecciosas>Enfermedades Infecciosas<\/option><option value=enfermedades-metabolicas>Enfermedades Metab\u00f3licas<\/option><option value=inmunologia>Inmunolog\u00eda<\/option><option value=microbiologia-es>Microbiolog\u00eda<\/option><option value=nefrologia-es>Nefrolog\u00eda<\/option><option value=neumologia>Neumolog\u00eda<\/option><option value=neurociencias>Neurociencias<\/option><option value=neurovascular-diseases-es>Neurovascular Diseases<\/option><option value=oncologia-es>Oncolog\u00eda<\/option><option value=terapias-avanzadas>Terapias avanzadas<\/option><\/select><select id=\"internship_centre\" class=\"flex-items\"><option value=\"all\">All Centers<\/option><option selected=\"selected\" value=\"vhir\">VHIR<\/option><option value=\"other\">Other<\/option><\/select><div class=\"flex-items\"> <input type=\"checkbox\" id=\"occupied\" name=\"occupied\" ><label for=\"occupied\" class=\"flex-items\"> Occupied<\/label><\/div><button type=\"button\" id=\"ondeuev_internship_filter_button\" class=\"btn btn-secondary flex-items\">\n                            <svg xmlns=\"http:\/\/www.w3.org\/2000\/svg\" width=\"16\" height=\"16\" fill=\"currentColor\" class=\"bi bi-search\" viewBox=\"0 0 16 16\">\n                                <path d=\"M11.742 10.344a6.5 6.5 0 1 0-1.397 1.398h-.001c.03.04.062.078.098.115l3.85 3.85a1 1 0 0 0 1.415-1.414l-3.85-3.85a1.007 1.007 0 0 0-.115-.1zM12 6.5a5.5 5.5 0 1 1-11 0 5.5 5.5 0 0 1 11 0z\"><\/path>\n                            <\/svg>\n                            <\/button><\/form><div id=\"ondeuev_internship_filter_pagination\"><\/div><\/div><\/p>\n<p style=\"text-align: justify;\"><div class=\"text-center searching\"><\/div><section class=\"internships\" id=\"accordion\"><\/section> <!-- interships --><\/p>\n<p style=\"text-align: justify;\">\u00a0<\/p>\n","protected":false},"excerpt":{"rendered":"<p>El m\u00f3dulo de Pr\u00e1cticas Externas corresponde a un trabajo de laboratorio eminentemente pr\u00e1ctico encaminado a consolidar, perfeccionar y completar la formaci\u00f3n adquirida a trav\u00e9s de los diferentes m\u00f3dulos te\u00f3ricos del m\u00e1ster. Esta estancia proporciona a los estudiantes la oportunidad de ganar experiencia y aprender a desenvolverse en el entorno profesional. Las estancias de pr\u00e1cticas duran [&hellip;]<\/p>\n","protected":false},"author":2,"featured_media":2997,"parent":0,"menu_order":0,"comment_status":"closed","ping_status":"closed","template":"page-internships.php","meta":{"_acf_changed":false,"footnotes":""},"class_list":["post-268","page","type-page","status-publish","has-post-thumbnail","hentry"],"acf":[],"_links":{"self":[{"href":"https:\/\/master.vhir.org\/es\/wp-json\/wp\/v2\/pages\/268","targetHints":{"allow":["GET"]}}],"collection":[{"href":"https:\/\/master.vhir.org\/es\/wp-json\/wp\/v2\/pages"}],"about":[{"href":"https:\/\/master.vhir.org\/es\/wp-json\/wp\/v2\/types\/page"}],"author":[{"embeddable":true,"href":"https:\/\/master.vhir.org\/es\/wp-json\/wp\/v2\/users\/2"}],"replies":[{"embeddable":true,"href":"https:\/\/master.vhir.org\/es\/wp-json\/wp\/v2\/comments?post=268"}],"version-history":[{"count":39,"href":"https:\/\/master.vhir.org\/es\/wp-json\/wp\/v2\/pages\/268\/revisions"}],"predecessor-version":[{"id":4896,"href":"https:\/\/master.vhir.org\/es\/wp-json\/wp\/v2\/pages\/268\/revisions\/4896"}],"wp:featuredmedia":[{"embeddable":true,"href":"https:\/\/master.vhir.org\/es\/wp-json\/wp\/v2\/media\/2997"}],"wp:attachment":[{"href":"https:\/\/master.vhir.org\/es\/wp-json\/wp\/v2\/media?parent=268"}],"curies":[{"name":"wp","href":"https:\/\/api.w.org\/{rel}","templated":true}]}}