{"id":263,"date":"2016-01-17T22:06:39","date_gmt":"2016-01-17T22:06:39","guid":{"rendered":"http:\/\/master.vhir.org\/beques-3\/"},"modified":"2025-06-20T08:26:59","modified_gmt":"2025-06-20T07:26:59","slug":"beques","status":"publish","type":"page","link":"https:\/\/master.vhir.org\/es\/beques\/","title":{"rendered":"Becas M\u00e1ster"},"content":{"rendered":"<div class=\"block\" style=\"text-align: justify;\">\n<p>El VHIR lanza anualmente un programa de <strong>becas de estudio para cursar el\u00a0M\u00e1ster en Investigaci\u00f3n Biom\u00e9dica Traslacional. <\/strong>Este programa\u00a0pretende <strong>atraer talento<\/strong> internacional y <strong>promover la formaci\u00f3n<\/strong> de los mejores estudiantes, con excelente expediente acad\u00e9mico, para continuar su carrera investigadora en el Instituto.<\/p>\n<p>Las becas se dirigen a estudiantes graduados, de cualquier nacionalidad, que se matriculen al <strong>M\u00e1ster en Investigaci\u00f3n Biom\u00e9dica Traslacional<\/strong>\u00a0el mismo curso acad\u00e9mico en que se solicita la ayuda.<\/p>\n<p>La convocatoria para el curso acad\u00e9mico 2025-2026 consta de una beca remunerada (contrato) para que un estudiante haga sus pr\u00e1cticas en Nestl\u00e9 Research &amp; Development (Suiza).<\/p>\n<\/div>\n<div class=\"block\"><a href=\"http:\/\/master.vhir.org\/wp-content\/uploads\/2016\/01\/Call-text-2021-22.pdf\" rel=\"\"><strong><img loading=\"lazy\" decoding=\"async\" class=\"alignnone size-full wp-image-428\" src=\"http:\/\/master.vhir.org\/wp-content\/uploads\/2016\/02\/pdf-file-ico-e1454539588844.png\" alt=\"pdf-file-ico\" width=\"17\" height=\"20\" \/><\/strong><\/a> <strong><a href=\"http:\/\/master.vhir.org\/wp-content\/uploads\/2025\/06\/Convocatoria-NESTLE-25-26.pdf\">Bases convocatoria contrato Nestl\u00e9 2025-2026<\/a><\/strong><\/div>\n<div>\u00a0<\/div>\n<div class=\"block\"><a href=\"http:\/\/master.vhir.org\/wp-content\/uploads\/2016\/01\/Call-text-2021-22.pdf\" rel=\"\"><strong><img loading=\"lazy\" decoding=\"async\" class=\"alignnone size-full wp-image-428\" src=\"http:\/\/master.vhir.org\/wp-content\/uploads\/2016\/02\/pdf-file-ico-e1454539588844.png\" alt=\"pdf-file-ico\" width=\"17\" height=\"20\" \/> <\/strong><\/a><strong><a href=\"http:\/\/master.vhir.org\/wp-content\/uploads\/2025\/06\/NESTLE-25-26-LOPD.pdf\">(NESTL\u00c9) Protecci\u00f3n de datos<\/a><\/strong><\/div>\n<div>\u00a0<\/div>\n<div class=\"block\">\n<h2>COLABORAN:<\/h2>\n<p><img loading=\"lazy\" decoding=\"async\" class=\"alignnone size-medium wp-image-4593\" src=\"http:\/\/master.vhir.org\/wp-content\/uploads\/2022\/06\/1-Nestle-Research-and-Development-300x71.jpg\" alt=\"\" width=\"300\" height=\"71\" srcset=\"https:\/\/master.vhir.org\/wp-content\/uploads\/2022\/06\/1-Nestle-Research-and-Development-300x71.jpg 300w, https:\/\/master.vhir.org\/wp-content\/uploads\/2022\/06\/1-Nestle-Research-and-Development-1024x244.jpg 1024w, https:\/\/master.vhir.org\/wp-content\/uploads\/2022\/06\/1-Nestle-Research-and-Development-768x183.jpg 768w, https:\/\/master.vhir.org\/wp-content\/uploads\/2022\/06\/1-Nestle-Research-and-Development-1536x365.jpg 1536w, https:\/\/master.vhir.org\/wp-content\/uploads\/2022\/06\/1-Nestle-Research-and-Development-2048x487.jpg 2048w\" sizes=\"auto, (max-width: 300px) 100vw, 300px\" \/><\/p>\n<p>&nbsp;<\/p>\n<\/div>\n","protected":false},"excerpt":{"rendered":"<p>El VHIR lanza anualmente un programa de becas de estudio para cursar el\u00a0M\u00e1ster en Investigaci\u00f3n Biom\u00e9dica Traslacional. Este programa\u00a0pretende atraer talento internacional y promover la formaci\u00f3n de los mejores estudiantes, con excelente expediente acad\u00e9mico, para continuar su carrera investigadora en el Instituto. Las becas se dirigen a estudiantes graduados, de cualquier nacionalidad, que se matriculen [&hellip;]<\/p>\n","protected":false},"author":2,"featured_media":2953,"parent":0,"menu_order":0,"comment_status":"closed","ping_status":"closed","template":"page-basic-with-widget.php","meta":{"_acf_changed":false,"footnotes":""},"class_list":["post-263","page","type-page","status-publish","has-post-thumbnail","hentry"],"acf":[],"_links":{"self":[{"href":"https:\/\/master.vhir.org\/es\/wp-json\/wp\/v2\/pages\/263","targetHints":{"allow":["GET"]}}],"collection":[{"href":"https:\/\/master.vhir.org\/es\/wp-json\/wp\/v2\/pages"}],"about":[{"href":"https:\/\/master.vhir.org\/es\/wp-json\/wp\/v2\/types\/page"}],"author":[{"embeddable":true,"href":"https:\/\/master.vhir.org\/es\/wp-json\/wp\/v2\/users\/2"}],"replies":[{"embeddable":true,"href":"https:\/\/master.vhir.org\/es\/wp-json\/wp\/v2\/comments?post=263"}],"version-history":[{"count":59,"href":"https:\/\/master.vhir.org\/es\/wp-json\/wp\/v2\/pages\/263\/revisions"}],"predecessor-version":[{"id":4682,"href":"https:\/\/master.vhir.org\/es\/wp-json\/wp\/v2\/pages\/263\/revisions\/4682"}],"wp:featuredmedia":[{"embeddable":true,"href":"https:\/\/master.vhir.org\/es\/wp-json\/wp\/v2\/media\/2953"}],"wp:attachment":[{"href":"https:\/\/master.vhir.org\/es\/wp-json\/wp\/v2\/media?parent=263"}],"curies":[{"name":"wp","href":"https:\/\/api.w.org\/{rel}","templated":true}]}}