{"id":259,"date":"2016-01-23T19:48:27","date_gmt":"2016-01-23T19:48:27","guid":{"rendered":"http:\/\/master.vhir.org\/acces-i-admissio-2\/"},"modified":"2025-04-08T11:43:44","modified_gmt":"2025-04-08T10:43:44","slug":"admissio","status":"publish","type":"page","link":"https:\/\/master.vhir.org\/es\/admissio\/","title":{"rendered":"Admisi\u00f3n"},"content":{"rendered":"<section class=\"page-content\">\n<div class=\"block goals\">\n<h2 style=\"text-align: justify;\">ACCESO<\/h2>\n<p style=\"text-align: justify;\">Pueden acceder al m\u00e1ster las personas que posean un t\u00edtulo universitario oficial espa\u00f1ol u otro expedido por una instituci\u00f3n de educaci\u00f3n superior perteneciente a otro Estado integrante del Espacio Europeo de Educaci\u00f3n Superior o de terceros pa\u00edses, que faculte en el mismo para el acceso a ense\u00f1anzas de m\u00e1ster.<\/p>\n<table style=\"border-collapse: collapse; width: 100%;\">\n<tbody>\n<tr>\n<td style=\"width: 33.3333%;\">\u00a0<\/td>\n<td style=\"width: 33.3333%; background-color: #a2018d; height: 40px; text-align: center;\"><span style=\"color: #ffffff;\"><strong>\u00a1Inscr\u00edbete ahora!<\/strong><\/span><\/td>\n<td style=\"width: 33.3333%;\">\u00a0<\/td>\n<\/tr>\n<\/tbody>\n<\/table>\n<h2 style=\"text-align: justify;\">REQUISITOS DE ADMISI\u00d3N<\/h2>\n<p style=\"text-align: justify;\">Para ser admitido en el m\u00e1ster es necesario:<\/p>\n<ul style=\"text-align: justify;\">\n<li>Estar en posesi\u00f3n del t\u00edtulo de graduado en Biolog\u00eda, Biomedicina, Bioqu\u00edmica, Biotecnolog\u00eda, Farmacia, Gen\u00e9tica, Enfermer\u00eda, Medicina, Microbiolog\u00eda, Veterinaria o titulaciones afines del \u00e1mbito de las ciencias de la vida y de la salud. Tambi\u00e9n podr\u00e1n acceder al m\u00e1ster los titulados equivalentes en el extranjero.\u00a0<\/li>\n<li>Tener un nivel de ingl\u00e9s B2 o equivalente.<\/li>\n<\/ul>\n<h2 style=\"text-align: justify;\">CRITERIOS DE SELECCI\u00d3N<\/h2>\n<p style=\"text-align: justify;\">En caso que el n\u00famero de solicitudes de preinscripci\u00f3n supere la oferta de plazas de nuevo ingreso, las candidaturas que sumplan los requisitos de admisi\u00f3n ser\u00e1n seleccionadas\u00a0por\u00a0los siguientes criterios:<\/p>\n<\/div>\n<ul>\n<li style=\"text-align: justify;\">Expediente acad\u00e9mico (60 puntos)<\/li>\n<li style=\"text-align: justify;\">CV: Publicaciones cient\u00edficas, presentaci\u00f3n de p\u00f3sters en congresos y otros m\u00e9ritos acad\u00e9micos (20 puntos)<\/li>\n<li style=\"text-align: justify;\">Entrevista personal (hasta 10 puntos en caso que se considere necesaria)<\/li>\n<li style=\"text-align: justify;\">Carta de motivaci\u00f3n en ingl\u00e9s dirigida a los coordinadores del m\u00e1ster (5 puntos)<\/li>\n<li style=\"text-align: justify;\">Cartas de recomendaci\u00f3n de profesores i\/o investigadores (5 puntos)<\/li>\n<\/ul>\n<\/section>\n","protected":false},"excerpt":{"rendered":"<p>ACCESO Pueden acceder al m\u00e1ster las personas que posean un t\u00edtulo universitario oficial espa\u00f1ol u otro expedido por una instituci\u00f3n de educaci\u00f3n superior perteneciente a otro Estado integrante del Espacio Europeo de Educaci\u00f3n Superior o de terceros pa\u00edses, que faculte en el mismo para el acceso a ense\u00f1anzas de m\u00e1ster. \u00a0 \u00a1Inscr\u00edbete ahora! \u00a0 REQUISITOS [&hellip;]<\/p>\n","protected":false},"author":2,"featured_media":4094,"parent":0,"menu_order":0,"comment_status":"closed","ping_status":"closed","template":"page-basic.php","meta":{"_acf_changed":false,"footnotes":""},"class_list":["post-259","page","type-page","status-publish","has-post-thumbnail","hentry"],"acf":[],"_links":{"self":[{"href":"https:\/\/master.vhir.org\/es\/wp-json\/wp\/v2\/pages\/259","targetHints":{"allow":["GET"]}}],"collection":[{"href":"https:\/\/master.vhir.org\/es\/wp-json\/wp\/v2\/pages"}],"about":[{"href":"https:\/\/master.vhir.org\/es\/wp-json\/wp\/v2\/types\/page"}],"author":[{"embeddable":true,"href":"https:\/\/master.vhir.org\/es\/wp-json\/wp\/v2\/users\/2"}],"replies":[{"embeddable":true,"href":"https:\/\/master.vhir.org\/es\/wp-json\/wp\/v2\/comments?post=259"}],"version-history":[{"count":15,"href":"https:\/\/master.vhir.org\/es\/wp-json\/wp\/v2\/pages\/259\/revisions"}],"predecessor-version":[{"id":4670,"href":"https:\/\/master.vhir.org\/es\/wp-json\/wp\/v2\/pages\/259\/revisions\/4670"}],"wp:featuredmedia":[{"embeddable":true,"href":"https:\/\/master.vhir.org\/es\/wp-json\/wp\/v2\/media\/4094"}],"wp:attachment":[{"href":"https:\/\/master.vhir.org\/es\/wp-json\/wp\/v2\/media?parent=259"}],"curies":[{"name":"wp","href":"https:\/\/api.w.org\/{rel}","templated":true}]}}