{"id":2230,"date":"2021-02-16T11:28:47","date_gmt":"2021-02-16T11:28:47","guid":{"rendered":"http:\/\/master.vhir.org\/es\/enquestes-insercio-laboral\/"},"modified":"2026-03-03T09:23:36","modified_gmt":"2026-03-03T08:23:36","slug":"enquestes-insercio-laboral","status":"publish","type":"page","link":"https:\/\/master.vhir.org\/es\/calidad-docente\/enquestes-insercio-laboral\/","title":{"rendered":"Enquestes Inserci\u00f3 Laboral"},"content":{"rendered":"<p><a href=\"http:\/\/master.vhir.org\/wp-content\/uploads\/2016\/03\/qualitat-docent-15-16.pdf\" rel=\"\"><img loading=\"lazy\" decoding=\"async\" class=\"alignnone size-full wp-image-428\" src=\"http:\/\/master.vhir.org\/wp-content\/uploads\/2016\/02\/pdf-file-ico-e1454539588844.png\" alt=\"pdf-file-ico\" width=\"17\" height=\"20\" \/><\/a><a href=\"http:\/\/master.vhir.org\/wp-content\/uploads\/2026\/03\/2022-2023-Informe-de-resultats-IL.pdf\">Informe de resultats Inserci\u00f3 Laboral (2022-2023)<\/a><\/p>\n<p><a href=\"http:\/\/master.vhir.org\/wp-content\/uploads\/2016\/03\/qualitat-docent-15-16.pdf\" rel=\"\"><img loading=\"lazy\" decoding=\"async\" class=\"alignnone size-full wp-image-428\" src=\"http:\/\/master.vhir.org\/wp-content\/uploads\/2016\/02\/pdf-file-ico-e1454539588844.png\" alt=\"pdf-file-ico\" width=\"17\" height=\"20\" \/><\/a><a href=\"http:\/\/master.vhir.org\/wp-content\/uploads\/2025\/02\/2021-2022-Informe-de-resultats-IL.pdf\">Informe de resultats Inserci\u00f3 Laboral (2021-2022)<\/a><\/p>\n<p><a href=\"http:\/\/master.vhir.org\/wp-content\/uploads\/2016\/03\/qualitat-docent-15-16.pdf\" rel=\"\"><img loading=\"lazy\" decoding=\"async\" class=\"alignnone size-full wp-image-428\" src=\"http:\/\/master.vhir.org\/wp-content\/uploads\/2016\/02\/pdf-file-ico-e1454539588844.png\" alt=\"pdf-file-ico\" width=\"17\" height=\"20\" \/><\/a><a href=\"http:\/\/master.vhir.org\/wp-content\/uploads\/2025\/02\/2020-2021-Informe-de-resultats-IL-2.pdf\">Informe de resultats Inserci\u00f3 Laboral (2020-2021)<\/a><\/p>\n<p><a href=\"http:\/\/master.vhir.org\/wp-content\/uploads\/2016\/03\/qualitat-docent-15-16.pdf\" rel=\"\"><img loading=\"lazy\" decoding=\"async\" class=\"alignnone size-full wp-image-428\" src=\"http:\/\/master.vhir.org\/wp-content\/uploads\/2016\/02\/pdf-file-ico-e1454539588844.png\" alt=\"pdf-file-ico\" width=\"17\" height=\"20\" \/><\/a><a href=\"http:\/\/master.vhir.org\/wp-content\/uploads\/2023\/03\/2019-2020-Informe-de-resultats-IL.pdf\">Informe de resultats Inserci\u00f3 Laboral (2019-2020)<\/a><\/p>\n<p><a href=\"http:\/\/master.vhir.org\/wp-content\/uploads\/2016\/03\/qualitat-docent-15-16.pdf\" rel=\"\"><img loading=\"lazy\" decoding=\"async\" class=\"alignnone size-full wp-image-428\" src=\"http:\/\/master.vhir.org\/wp-content\/uploads\/2016\/02\/pdf-file-ico-e1454539588844.png\" alt=\"pdf-file-ico\" width=\"17\" height=\"20\" \/><\/a>\u00a0<a href=\"http:\/\/master.vhir.org\/wp-content\/uploads\/2021\/02\/2018-2019-Informe-de-resultats-IL.pdf\" rel=\"\">Informe de resultats Inserci\u00f3 Laboral (2018-2019)<\/a><\/p>\n<p><a href=\"http:\/\/master.vhir.org\/wp-content\/uploads\/2016\/03\/qualitat-docent-15-16.pdf\" rel=\"\"><img loading=\"lazy\" decoding=\"async\" class=\"alignnone size-full wp-image-428\" src=\"http:\/\/master.vhir.org\/wp-content\/uploads\/2016\/02\/pdf-file-ico-e1454539588844.png\" alt=\"pdf-file-ico\" width=\"17\" height=\"20\" \/><\/a>\u00a0<a href=\"http:\/\/master.vhir.org\/wp-content\/uploads\/2021\/02\/2017-2018-Informe-de-resultats-IL.pdf\" rel=\"\">Informe de resultats Inserci\u00f3 Laboral (2017-2018)<\/a><\/p>\n<p><a href=\"http:\/\/master.vhir.org\/wp-content\/uploads\/2016\/03\/qualitat-docent-15-16.pdf\" rel=\"\"><img loading=\"lazy\" decoding=\"async\" class=\"alignnone size-full wp-image-428\" src=\"http:\/\/master.vhir.org\/wp-content\/uploads\/2016\/02\/pdf-file-ico-e1454539588844.png\" alt=\"pdf-file-ico\" width=\"17\" height=\"20\" \/><\/a>\u00a0<a href=\"http:\/\/master.vhir.org\/wp-content\/uploads\/2021\/02\/2016-2017-Informe-de-resultats-IL.pdf\" rel=\"\">Informe de resultats Inserci\u00f3 Laboral (2016-2017)<\/a><\/p>\n<p><a href=\"http:\/\/master.vhir.org\/wp-content\/uploads\/2016\/03\/qualitat-docent-15-16.pdf\" rel=\"\"><img loading=\"lazy\" decoding=\"async\" class=\"alignnone size-full wp-image-428\" src=\"http:\/\/master.vhir.org\/wp-content\/uploads\/2016\/02\/pdf-file-ico-e1454539588844.png\" alt=\"pdf-file-ico\" width=\"17\" height=\"20\" \/><\/a>\u00a0<a href=\"http:\/\/master.vhir.org\/wp-content\/uploads\/2021\/02\/2015-2016-Informe-de-resultats-IL.pdf\" rel=\"\">Informe de resultats Inserci\u00f3 Laboral (2015-2016)<\/a><\/p>\n<p>&nbsp;<\/p>\n","protected":false},"excerpt":{"rendered":"<p>Informe de resultats Inserci\u00f3 Laboral (2022-2023) Informe de resultats Inserci\u00f3 Laboral (2021-2022) Informe de resultats Inserci\u00f3 Laboral (2020-2021) Informe de resultats Inserci\u00f3 Laboral (2019-2020) \u00a0Informe de resultats Inserci\u00f3 Laboral (2018-2019) \u00a0Informe de resultats Inserci\u00f3 Laboral (2017-2018) \u00a0Informe de resultats Inserci\u00f3 Laboral (2016-2017) \u00a0Informe de resultats Inserci\u00f3 Laboral (2015-2016) &nbsp;<\/p>\n","protected":false},"author":3,"featured_media":4091,"parent":1274,"menu_order":0,"comment_status":"closed","ping_status":"closed","template":"page-basic-with-widget.php","meta":{"_acf_changed":false,"footnotes":""},"class_list":["post-2230","page","type-page","status-publish","has-post-thumbnail","hentry"],"acf":[],"_links":{"self":[{"href":"https:\/\/master.vhir.org\/es\/wp-json\/wp\/v2\/pages\/2230","targetHints":{"allow":["GET"]}}],"collection":[{"href":"https:\/\/master.vhir.org\/es\/wp-json\/wp\/v2\/pages"}],"about":[{"href":"https:\/\/master.vhir.org\/es\/wp-json\/wp\/v2\/types\/page"}],"author":[{"embeddable":true,"href":"https:\/\/master.vhir.org\/es\/wp-json\/wp\/v2\/users\/3"}],"replies":[{"embeddable":true,"href":"https:\/\/master.vhir.org\/es\/wp-json\/wp\/v2\/comments?post=2230"}],"version-history":[{"count":12,"href":"https:\/\/master.vhir.org\/es\/wp-json\/wp\/v2\/pages\/2230\/revisions"}],"predecessor-version":[{"id":4904,"href":"https:\/\/master.vhir.org\/es\/wp-json\/wp\/v2\/pages\/2230\/revisions\/4904"}],"up":[{"embeddable":true,"href":"https:\/\/master.vhir.org\/es\/wp-json\/wp\/v2\/pages\/1274"}],"wp:featuredmedia":[{"embeddable":true,"href":"https:\/\/master.vhir.org\/es\/wp-json\/wp\/v2\/media\/4091"}],"wp:attachment":[{"href":"https:\/\/master.vhir.org\/es\/wp-json\/wp\/v2\/media?parent=2230"}],"curies":[{"name":"wp","href":"https:\/\/api.w.org\/{rel}","templated":true}]}}