{"id":1656,"date":"2019-05-29T10:36:41","date_gmt":"2019-05-29T10:36:41","guid":{"rendered":"http:\/\/master.vhir.org\/professorat-test\/?lang=es"},"modified":"2025-03-04T12:29:56","modified_gmt":"2025-03-04T11:29:56","slug":"profesorado","status":"publish","type":"page","link":"https:\/\/master.vhir.org\/es\/profesorado\/","title":{"rendered":"Profesorado"},"content":{"rendered":"<p><span style=\"color: #a2018d; font-size: 20px;\">COORDINACI\u00d3N DE M\u00c1STER:\u00a0<\/span><\/p>\n<table style=\"width: 75.8461%;\">\n<tbody>\n<tr>\n<td style=\"width: 31.9112%;\"><img loading=\"lazy\" decoding=\"async\" class=\"alignnone wp-image-1920 size-full\" src=\"http:\/\/master.vhir.org\/wp-content\/uploads\/2019\/05\/Quer.jpg\" alt=\"\" width=\"128\" height=\"130\" \/><\/td>\n<td style=\"width: 142.427%;\">\n<p><span style=\"font-size: 16px;\"><span style=\"color: #800080;\"><a href=\"https:\/\/vhir.vallhebron.com\/es\/profesionales\/josep-quer-sivila\">Dr. Josep Quer<\/a>, Coordinador del M\u00e1ster<br \/>\n<\/span><span style=\"color: #999999;\"><em><a href=\"https:\/\/vhir.vallhebron.com\/ca\/recerca\/malalties-hepatiques\">Investigador Principal Responsable de Investigaci\u00f3n B\u00e1sica<\/a>\u00a0<br \/>\n<\/em><\/span><span style=\"color: #999999;\"><em>del Virus de la Hepatitis C del Laboratori de Enfermedades Hep\u00e1ticas.<\/em><\/span><\/span><\/p>\n<\/td>\n<\/tr>\n<\/tbody>\n<\/table>\n<p><span style=\"font-size: 20px; color: #a2018d;\">Profesorado<\/span><\/p>\n<p><span style=\"color: #000000;\"><a style=\"color: #000000;\" href=\"http:\/\/master.vhir.org\/module\/competencies-transversals-per-a-la-recerca-translacional-en-patologia-humana\/\"><span style=\"font-size: 14px;\"><strong><span style=\"font-size: 16px;\">Module 1:<\/span><\/strong><span style=\"font-size: 16px;\"> Competencias Transversales para la Investigaci\u00f3n Translacional en Patolog\u00eda Humana<\/span><\/span><\/a><\/span><\/p>\n<p><span style=\"font-size: 16px;\"><span style=\"color: #000000;\"><a href=\"https:\/\/vhir.vallhebron.com\/es\/profesionales\/josep-quer-sivila\">Dr. Josep Quer<\/a>, Coordinador del m\u00f3dulo<br \/>\n<\/span><span style=\"color: #800080;\"><a href=\"https:\/\/vhir.vallhebron.com\/es\/profesionales\/ibane-abasolo-olaortua\">Dra. Ibane Abasolo<\/a><\/span><span style=\"color: #800080;\"><br \/>\n<\/span><span style=\"color: #800080;\"><a href=\"https:\/\/vhir.vallhebron.com\/es\/profesionales\/jordi-barquinero-manez\">Dr. Jordi Barquinero<\/a><br \/>\n<\/span><span style=\"color: #800080;\"><a href=\"https:\/\/vhir.vallhebron.com\/es\/profesionales\/ignacio-ferreira-gonzalez\">Dr. Ignacio Ferreira<\/a><\/span><\/span><\/p>\n<p><span style=\"color: #000000; font-size: 16px;\"><a style=\"color: #000000;\" href=\"http:\/\/master.vhir.org\/module\/aproximacio-a-la-recerca-en-lentorn-sanitari\/\"><strong>Module 2:<\/strong> Herramientas y metodolog\u00edas avanzadas para la investigaci\u00f3n. B\u00fasqueda de financiaci\u00f3n e innovaci\u00f3n.\u00a0<\/a><\/span><\/p>\n<p><span style=\"font-size: 16px;\"><span style=\"color: #000000;\"><a href=\"https:\/\/vhir.vallhebron.com\/es\/profesionales\/santiago-perez-hoyos\">Dr. Santiago P\u00e9rez Hoyos<\/a>, Coordinador del m\u00f3dulo<br \/>\n<\/span><span style=\"color: #800080;\"><a href=\"https:\/\/vhir.vallhebron.com\/es\/profesionales\/mariona-esquerdo-barragan\">Dra. Mariona Esquerdo<br \/>\n<\/a><a href=\"https:\/\/vhir.vallhebron.com\/es\/profesionales\/mireia-ferrer-almirall\">Dra. Mireia<\/a> <a href=\"https:\/\/vhir.vallhebron.com\/es\/profesionales\/mireia-ferrer-almirall\">Ferrer<\/a><\/span><\/span><\/p>\n<p><span style=\"color: #000000; font-size: 16px;\"><a style=\"color: #000000;\" href=\"http:\/\/master.vhir.org\/module\/malalties-del-cervell-i-del-sistema-nervios-periferic\/\"><strong>Module 3:<\/strong> Enfermedades del Sistema Nervioso<\/a><\/span><\/p>\n<p><span style=\"font-size: 16px;\"><span style=\"color: #000000;\"><a href=\"https:\/\/vhir.vallhebron.com\/es\/profesionales\/maria-jose-perez-garcia\">Dra. Mar\u00eda Jos\u00e9 P\u00e9rez<\/a>, Coordinadora del m\u00f3dulo<br \/>\n<\/span><span style=\"color: #800080;\"><a href=\"https:\/\/vhir.vallhebron.com\/es\/profesionales\/maria-mar-hernandez-guillamon\">Dra. Mar Hern\u00e1ndez<\/a><br \/>\n<\/span><span style=\"color: #800080;\"><a href=\"https:\/\/vhir.vallhebron.com\/es\/profesionales\/sunny-malhotra-sareen\">Dr. Sunny Malhotra<\/a><br \/>\n<\/span><span style=\"color: #800080;\"><a href=\"https:\/\/vhir.vallhebron.com\/es\/profesionales\/yolanda-camara-navarro\">Dra. Yolanda C\u00e1mara<\/a><\/span><\/span><\/p>\n<p><span style=\"color: #000000; font-size: 16px;\"><a style=\"color: #000000;\" href=\"http:\/\/master.vhir.org\/module\/malalties-cardiovasculars-i-renals\/\"><strong>Module 4:<\/strong> Enfermedades Cardiovasculares y Renales<\/a><\/span><\/p>\n<p><span style=\"font-size: 16px;\"><span style=\"color: #800080;\"><a href=\"https:\/\/vhir.vallhebron.com\/es\/profesionales\/gerard-cantero-recasens\">Dr. Gerard Cantero<\/a>,<span style=\"color: #000000;\"> Coordinador del m\u00f3dulo<\/span><br \/>\n<\/span><span style=\"color: #800080;\"><a href=\"https:\/\/vhir.vallhebron.com\/es\/profesionales\/antonia-sambola-ayala\">Dra. Antonia Sambola<\/a><\/span><\/span><\/p>\n<p><span style=\"font-size: 16px; color: #000000;\"><a style=\"color: #000000;\" href=\"http:\/\/master.vhir.org\/module\/malalties-oncologiques\/\"><strong>Module 5:<\/strong> Enfermedades Oncol\u00f3gicas<\/a><\/span><\/p>\n<p><span style=\"font-size: 16px;\"><span style=\"color: #000000;\"><a href=\"https:\/\/vhir.vallhebron.com\/es\/profesionales\/josep-roma-castanyer\">Dr. Josep Roma<\/a>, Coordinador del m\u00f3dulo<\/span><span style=\"color: #800080;\"><br \/>\n<\/span><span style=\"color: #800080;\"><a href=\"https:\/\/vhir.vallhebron.com\/es\/profesionales\/juan-angel-recio-conde\">Dr. Juan \u00c1ngel Recio<\/a><br \/>\n<\/span><span style=\"color: #800080;\"><a href=\"https:\/\/vhir.vallhebron.com\/es\/profesionales\/miguel-segura-ginard\">Dr. Miguel Segura<\/a><\/span><\/span><\/p>\n<p><span style=\"font-size: 16px;\"><a href=\"http:\/\/master.vhir.org\/module\/malalties-hepatiques-i-digestives\/\"><span style=\"color: #33cccc;\"><span style=\"color: #000000;\"><strong>Module 6:<\/strong> Malalties Hep\u00e0tiques i Digestives<\/span><\/span><\/a><\/span><\/p>\n<p><span style=\"font-size: 16px;\"><span style=\"color: #800080;\"><a href=\"https:\/\/vhir.vallhebron.com\/es\/profesionales\/maria-martell-perez-alcalde\">Dra. Maria Martell<\/a>,\u00a0<span style=\"color: #000000;\">Coordinadora del m\u00f3dulo<\/span><br \/>\n<a href=\"https:\/\/vhir.vallhebron.com\/es\/profesionales\/carmen-alonso-cotoner\">Dra. Carmen Alonso<\/a><\/span><span style=\"color: #800080;\"><br \/>\n<\/span><a href=\"https:\/\/vhir.vallhebron.com\/es\/profesionales\/ana-maria-gonzalez-castro\"><span style=\"color: #800080;\">Dra. Ana Mar\u00eda Gonz\u00e1lez<\/span><\/a><a href=\"https:\/\/cvn.vhir.org\/ipublic\/profile\/index\/iMarinaID\/04-815\"><span style=\"color: #800080;\"><br \/>\n<\/span><\/a><span style=\"color: #800080;\"><a href=\"https:\/\/vhir.vallhebron.com\/es\/profesionales\/josep-quer-sivila\">Dr. Josep Quer<\/a><\/span><\/span><br \/>\n<span style=\"color: #800080; font-size: 16px;\"><br \/>\n<\/span><\/p>\n<p><span style=\"color: #000000; font-size: 16px;\"><a style=\"color: #000000;\" href=\"http:\/\/master.vhir.org\/module\/microbiologia-malalties-infeccioses-i-patologia-critica\/\"><strong>Module 7:<\/strong> Microbiologia, Malalties Infeccioses i Patologia Cr\u00edtica<\/a><\/span><\/p>\n<p><span style=\"font-size: 16px;\"><span style=\"color: #000000;\"><a href=\"https:\/\/vhir.vallhebron.com\/es\/profesionales\/juan-jose-gonzalez-lopez\">Dr. Juanjo Gonz\u00e1lez<\/a>, Coordinador del m\u00f2dul<br \/>\n<\/span><a href=\"https:\/\/vhir.vallhebron.com\/es\/profesionales\/ricard-ferrer-roca\"><span style=\"color: #800080;\">Dr. Ricard Ferrer<\/span><\/a><\/span><\/p>\n<p><span style=\"color: #000000; font-size: 16px;\"><a style=\"color: #000000;\" href=\"http:\/\/master.vhir.org\/module\/malalties-respiratories-del-sistema-immune-sistemiques-i-endocrines\/\"><strong>Module 8:<\/strong> Enfermedades del Sistema Immune, Respiratorias y Endocrinas<\/a><\/span><\/p>\n<p><span style=\"color: #000000; font-size: 16px;\"><a href=\"https:\/\/vhir.vallhebron.com\/es\/profesionales\/ma-jesus-cruz-carmona\">Dra. Maria Jes\u00fas Cruz<\/a><a href=\"https:\/\/cvn.vhir.org\/ipublic\/profile\/index\/iMarinaID\/04-262\">,\u00a0<\/a>Coordinadora del m\u00f3dulo<a href=\"https:\/\/vhir.vallhebron.com\/es\/profesionales\/josep-villena-delgado\"><br \/>\nDr. Josep Villena<br \/>\n<\/a><a href=\"https:\/\/vhir.vallhebron.com\/es\/profesionales\/laura-vinas-gimenez\"><span style=\"color: #800080;\">Dra. Laura Vi\u00f1as<\/span><\/a><br \/>\n<\/span><\/p>\n<p><span style=\"font-size: 16px;\"><span style=\"color: #33cccc;\"><a style=\"color: #33cccc;\" href=\"http:\/\/master.vhir.org\/module\/practiques-de-recerca\/\"><span style=\"color: #000000;\"><strong>Module 9:<\/strong> Pr\u00e1cticas de Investigaci\u00f3n<\/span><br \/>\n<\/a><\/span><a href=\"https:\/\/vhir.vallhebron.com\/es\/profesionales\/ibane-abasolo-olaortua\">Dra. Ibane Abasolo<\/a><\/span><\/p>\n<p><span style=\"font-size: 16px;\"><a href=\"http:\/\/master.vhir.org\/module\/treball-de-fi-de-master\/\"><span style=\"color: #33cccc;\"><span style=\"color: #000000;\"><strong>Module 10:<\/strong> Trabajo de Fin de M\u00e1ster<\/span><br \/>\n<\/span><\/a><a href=\"https:\/\/vhir.vallhebron.com\/es\/profesionales\/maria-martell-perez-alcalde\">Dra. Maria Martell<\/a><\/span><\/p>\n","protected":false},"excerpt":{"rendered":"<p>COORDINACI\u00d3N DE M\u00c1STER:\u00a0 Dr. Josep Quer, Coordinador del M\u00e1ster Investigador Principal Responsable de Investigaci\u00f3n B\u00e1sica\u00a0 del Virus de la Hepatitis C del Laboratori de Enfermedades Hep\u00e1ticas. Profesorado Module 1: Competencias Transversales para la Investigaci\u00f3n Translacional en Patolog\u00eda Humana Dr. Josep Quer, Coordinador del m\u00f3dulo Dra. Ibane Abasolo Dr. Jordi Barquinero Dr. Ignacio Ferreira Module 2: [&hellip;]<\/p>\n","protected":false},"author":2,"featured_media":2983,"parent":0,"menu_order":0,"comment_status":"closed","ping_status":"closed","template":"page-basic.php","meta":{"_acf_changed":false,"footnotes":""},"class_list":["post-1656","page","type-page","status-publish","has-post-thumbnail","hentry"],"acf":[],"_links":{"self":[{"href":"https:\/\/master.vhir.org\/es\/wp-json\/wp\/v2\/pages\/1656","targetHints":{"allow":["GET"]}}],"collection":[{"href":"https:\/\/master.vhir.org\/es\/wp-json\/wp\/v2\/pages"}],"about":[{"href":"https:\/\/master.vhir.org\/es\/wp-json\/wp\/v2\/types\/page"}],"author":[{"embeddable":true,"href":"https:\/\/master.vhir.org\/es\/wp-json\/wp\/v2\/users\/2"}],"replies":[{"embeddable":true,"href":"https:\/\/master.vhir.org\/es\/wp-json\/wp\/v2\/comments?post=1656"}],"version-history":[{"count":45,"href":"https:\/\/master.vhir.org\/es\/wp-json\/wp\/v2\/pages\/1656\/revisions"}],"predecessor-version":[{"id":4654,"href":"https:\/\/master.vhir.org\/es\/wp-json\/wp\/v2\/pages\/1656\/revisions\/4654"}],"wp:featuredmedia":[{"embeddable":true,"href":"https:\/\/master.vhir.org\/es\/wp-json\/wp\/v2\/media\/2983"}],"wp:attachment":[{"href":"https:\/\/master.vhir.org\/es\/wp-json\/wp\/v2\/media?parent=1656"}],"curies":[{"name":"wp","href":"https:\/\/api.w.org\/{rel}","templated":true}]}}