{"id":1274,"date":"2017-10-11T11:05:43","date_gmt":"2017-10-11T11:05:43","guid":{"rendered":"http:\/\/master.vhir.org\/?page_id=1274&#038;lang=es"},"modified":"2025-01-22T16:04:40","modified_gmt":"2025-01-22T15:04:40","slug":"calidad-docente","status":"publish","type":"page","link":"https:\/\/master.vhir.org\/es\/calidad-docente\/","title":{"rendered":"Calidad Docente"},"content":{"rendered":"<h2>Sistema de Garant\u00eda de Calidad Docente<\/h2>\n<p><a href=\"http:\/\/master.vhir.org\/wp-content\/uploads\/2016\/03\/qualitat-docent-15-16.pdf\" rel=\"\"><img loading=\"lazy\" decoding=\"async\" src=\"http:\/\/master.vhir.org\/wp-content\/uploads\/2016\/02\/pdf-file-ico-e1454539588844.png\" alt=\"pdf-file-ico\" width=\"17\" height=\"20\" \/><\/a> <a href=\"http:\/\/master.vhir.org\/wp-content\/uploads\/2024\/01\/MANUAL-QUALITAT_Docencia_VHIR_v05_WEB.pdf\">Manual del Sistema de Garant\u00eda de Calidad Docente del VHIR<\/a><\/p>\n<p><a href=\"http:\/\/master.vhir.org\/wp-content\/uploads\/2016\/03\/qualitat-docent-15-16.pdf\" rel=\"\"><img loading=\"lazy\" decoding=\"async\" src=\"http:\/\/master.vhir.org\/wp-content\/uploads\/2016\/02\/pdf-file-ico-e1454539588844.png\" alt=\"pdf-file-ico\" width=\"17\" height=\"20\" \/><\/a> <a href=\"http:\/\/master.vhir.org\/wp-content\/uploads\/2024\/01\/MANUAL-PROCESSOS_Docencia_VHIR_v05_WEB-1.pdf\">Manual de Procesos del Sistema de Garant\u00eda de Calidad de Docencia del VHIR<\/a><\/p>\n<p><a href=\"http:\/\/master.vhir.org\/wp-content\/uploads\/2016\/03\/qualitat-docent-15-16.pdf\" rel=\"\"><img loading=\"lazy\" decoding=\"async\" src=\"http:\/\/master.vhir.org\/wp-content\/uploads\/2016\/02\/pdf-file-ico-e1454539588844.png\" alt=\"pdf-file-ico\" width=\"17\" height=\"20\" \/><\/a>\u00a0<a href=\"http:\/\/master.vhir.org\/wp-content\/uploads\/2022\/12\/VHIR-Q-PGR-006v04_Gesti\u00f3-de-reclamacions-suggeriments-i-felicitacions.pdf\" target=\"_blank\" rel=\"noopener\">Procedimiento de gesti\u00f3n de reclamaciones del cliente<\/a>\u00a0<\/p>\n<h2>Informes del centro\u00a0<\/h2>\n<p><a href=\"http:\/\/master.vhir.org\/wp-content\/uploads\/2016\/03\/qualitat-docent-15-16.pdf\" rel=\"\"><img loading=\"lazy\" decoding=\"async\" src=\"http:\/\/master.vhir.org\/wp-content\/uploads\/2016\/02\/pdf-file-ico-e1454539588844.png\" alt=\"pdf-file-ico\" width=\"17\" height=\"20\" \/><\/a> <a href=\"http:\/\/master.vhir.org\/wp-content\/uploads\/2025\/01\/VHIR-Pla-de-millores-23-24-web.pdf\">Plan de Mejoras de la Titulaci\u00f3n 2023-2024<\/a><\/p>\n<p><a href=\"http:\/\/master.vhir.org\/wp-content\/uploads\/2016\/03\/qualitat-docent-15-16.pdf\" rel=\"\"><img loading=\"lazy\" decoding=\"async\" src=\"http:\/\/master.vhir.org\/wp-content\/uploads\/2016\/02\/pdf-file-ico-e1454539588844.png\" alt=\"pdf-file-ico\" width=\"17\" height=\"20\" \/> <\/a><a href=\"http:\/\/master.vhir.org\/wp-content\/uploads\/2025\/01\/InformeSeguimentCentreISC_VHIR_2023-24.pdf\">Informe de seguimiento del curso 2023-2024\u00a0<\/a><\/p>\n<p><a href=\"http:\/\/master.vhir.org\/wp-content\/uploads\/2016\/03\/qualitat-docent-15-16.pdf\" rel=\"\"><img loading=\"lazy\" decoding=\"async\" src=\"http:\/\/master.vhir.org\/wp-content\/uploads\/2016\/02\/pdf-file-ico-e1454539588844.png\" alt=\"pdf-file-ico\" width=\"17\" height=\"20\" \/><\/a> <a href=\"http:\/\/master.vhir.org\/wp-content\/uploads\/2024\/02\/AutoinformeAcreditacio2024_public.pdf\">Autoinfome de acreditaci\u00f3n del centro del curso 2022-2023<\/a><\/p>\n<p><a href=\"http:\/\/master.vhir.org\/wp-content\/uploads\/2016\/03\/qualitat-docent-15-16.pdf\" rel=\"\"><img loading=\"lazy\" decoding=\"async\" src=\"http:\/\/master.vhir.org\/wp-content\/uploads\/2016\/02\/pdf-file-ico-e1454539588844.png\" alt=\"pdf-file-ico\" width=\"17\" height=\"20\" \/> <\/a><a href=\"http:\/\/master.vhir.org\/wp-content\/uploads\/2024\/02\/ISC-2021-2022_PM.pdf\">Informe de seguimiento del curso 2021-2022\u00a0<\/a><\/p>\n<p><a href=\"http:\/\/master.vhir.org\/wp-content\/uploads\/2016\/03\/qualitat-docent-15-16.pdf\" rel=\"\"><img loading=\"lazy\" decoding=\"async\" src=\"http:\/\/master.vhir.org\/wp-content\/uploads\/2016\/02\/pdf-file-ico-e1454539588844.png\" alt=\"pdf-file-ico\" width=\"17\" height=\"20\" \/><\/a><a href=\"http:\/\/master.vhir.org\/wp-content\/uploads\/2017\/10\/InformeSeguimentCentreISC_VHIR_2020-2021.pdf\" rel=\"\"> Informe de seguimiento del curso 2020-2021<\/a><\/p>\n<p><a href=\"http:\/\/master.vhir.org\/wp-content\/uploads\/2016\/03\/qualitat-docent-15-16.pdf\" rel=\"\"><img loading=\"lazy\" decoding=\"async\" src=\"http:\/\/master.vhir.org\/wp-content\/uploads\/2016\/02\/pdf-file-ico-e1454539588844.png\" alt=\"pdf-file-ico\" width=\"17\" height=\"20\" \/><\/a>\u00a0<a href=\"http:\/\/master.vhir.org\/wp-content\/uploads\/2017\/10\/InformeSeguimentCentreISC_VHIR_2019-2020.pdf\" rel=\"\">Informe de seguimiento del curso 2019-2020<\/a><\/p>\n<p><a href=\"http:\/\/master.vhir.org\/wp-content\/uploads\/2016\/03\/qualitat-docent-15-16.pdf\" rel=\"\"><img loading=\"lazy\" decoding=\"async\" src=\"http:\/\/master.vhir.org\/wp-content\/uploads\/2016\/02\/pdf-file-ico-e1454539588844.png\" alt=\"pdf-file-ico\" width=\"17\" height=\"20\" \/><\/a>\u00a0<a href=\"http:\/\/master.vhir.org\/wp-content\/uploads\/2017\/10\/Informe-de-seguiment-del-centre-del-curs-2018-2019.pdf\" rel=\"\">Informe de seguimento del curso 2018-2019<\/a><\/p>\n<p><a href=\"http:\/\/master.vhir.org\/wp-content\/uploads\/2016\/03\/qualitat-docent-15-16.pdf\" rel=\"\"><img loading=\"lazy\" decoding=\"async\" src=\"http:\/\/master.vhir.org\/wp-content\/uploads\/2016\/02\/pdf-file-ico-e1454539588844.png\" alt=\"pdf-file-ico\" width=\"17\" height=\"20\" \/><\/a>\u00a0<a href=\"http:\/\/master.vhir.org\/wp-content\/uploads\/2017\/10\/Informe-de-seguiment-del-centre-del-curs-2017-2018.pdf\" rel=\"\">Informe de seguimento del curso 2017-2018<\/a><\/p>\n<p><a href=\"http:\/\/master.vhir.org\/wp-content\/uploads\/2016\/03\/qualitat-docent-15-16.pdf\" rel=\"\"><img loading=\"lazy\" decoding=\"async\" src=\"http:\/\/master.vhir.org\/wp-content\/uploads\/2016\/02\/pdf-file-ico-e1454539588844.png\" alt=\"pdf-file-ico\" width=\"17\" height=\"20\" \/><\/a>\u00a0<a href=\"http:\/\/master.vhir.org\/wp-content\/uploads\/2017\/10\/Autoinforme-dAcreditaci\u00f3_VHIR_public.pdf\" target=\"_blank\" rel=\"noopener\">Autoinfome de acreditaci\u00f3n del centro del curso 2016-2017<\/a><\/p>\n<p><a href=\"http:\/\/master.vhir.org\/wp-content\/uploads\/2016\/03\/qualitat-docent-15-16.pdf\" rel=\"\"><img loading=\"lazy\" decoding=\"async\" src=\"http:\/\/master.vhir.org\/wp-content\/uploads\/2016\/02\/pdf-file-ico-e1454539588844.png\" alt=\"pdf-file-ico\" width=\"17\" height=\"20\" \/><\/a>\u00a0<a href=\"http:\/\/master.vhir.org\/wp-content\/uploads\/2017\/10\/Informe-Seguiment-VHIR_15-16_V3_definitiu.pdf\" rel=\"\">Informe de seguimiento del curso 2015-2016<\/a><\/p>\n<p><a href=\"http:\/\/master.vhir.org\/wp-content\/uploads\/2016\/03\/qualitat-docent-15-16.pdf\" rel=\"\"><img loading=\"lazy\" decoding=\"async\" src=\"http:\/\/master.vhir.org\/wp-content\/uploads\/2016\/02\/pdf-file-ico-e1454539588844.png\" alt=\"pdf-file-ico\" width=\"17\" height=\"20\" \/><\/a>\u00a0<a href=\"http:\/\/master.vhir.org\/wp-content\/uploads\/2017\/10\/01-ISC-_VHIR-_14-15_difinitiu.pdf\" rel=\"\">Informe de seguimiento del curso 2014-2015<\/a><\/p>\n<h2>Informes de titulaci\u00f3n<\/h2>\n<p><a href=\"http:\/\/master.vhir.org\/wp-content\/uploads\/2016\/03\/qualitat-docent-15-16.pdf\" rel=\"\"><img loading=\"lazy\" decoding=\"async\" src=\"http:\/\/master.vhir.org\/wp-content\/uploads\/2016\/02\/pdf-file-ico-e1454539588844.png\" alt=\"pdf-file-ico\" width=\"17\" height=\"20\" \/> <\/a><a href=\"http:\/\/master.vhir.org\/wp-content\/uploads\/2024\/12\/Informe-final-dacreditacio-IdA-_MU-Recerca-Biomedica-Translacional.pdf\">Informe de acreditaci\u00f3n de la titulaci\u00f3n 2024<\/a><\/p>\n<p><a href=\"http:\/\/master.vhir.org\/wp-content\/uploads\/2016\/03\/qualitat-docent-15-16.pdf\" rel=\"\"><img loading=\"lazy\" decoding=\"async\" src=\"http:\/\/master.vhir.org\/wp-content\/uploads\/2016\/02\/pdf-file-ico-e1454539588844.png\" alt=\"pdf-file-ico\" width=\"17\" height=\"20\" \/><\/a><a href=\"http:\/\/master.vhir.org\/wp-content\/uploads\/2025\/01\/Memoria-web_MURecercaBiomedicaTranslacional_Vigent-2025-2026.pdf\"> Memoria vigente curso 2025-2026<\/a><\/p>\n<p><a href=\"http:\/\/master.vhir.org\/wp-content\/uploads\/2016\/03\/qualitat-docent-15-16.pdf\" rel=\"\"><img loading=\"lazy\" decoding=\"async\" src=\"http:\/\/master.vhir.org\/wp-content\/uploads\/2016\/02\/pdf-file-ico-e1454539588844.png\" alt=\"pdf-file-ico\" width=\"17\" height=\"20\" \/><\/a> <a href=\"http:\/\/master.vhir.org\/wp-content\/uploads\/2023\/12\/Memoria-web_MURecercaBiomedicaTranslacional_23_24.pdf\">Memoria vigente curso 2023-2024<\/a><\/p>\n<p><a href=\"http:\/\/master.vhir.org\/wp-content\/uploads\/2016\/03\/qualitat-docent-15-16.pdf\" rel=\"\"><img loading=\"lazy\" decoding=\"async\" src=\"http:\/\/master.vhir.org\/wp-content\/uploads\/2016\/02\/pdf-file-ico-e1454539588844.png\" alt=\"pdf-file-ico\" width=\"17\" height=\"20\" \/><\/a><a href=\"http:\/\/master.vhir.org\/wp-content\/uploads\/2024\/01\/Informe-acreditacio-AQU.pdf\"> Informe de acreditaci\u00f3n de la titulaci\u00f3n 2018<\/a><\/p>\n<p><a href=\"http:\/\/master.vhir.org\/wp-content\/uploads\/2016\/03\/qualitat-docent-15-16.pdf\" rel=\"\"><img loading=\"lazy\" decoding=\"async\" src=\"http:\/\/master.vhir.org\/wp-content\/uploads\/2016\/02\/pdf-file-ico-e1454539588844.png\" alt=\"pdf-file-ico\" width=\"17\" height=\"20\" \/><\/a>\u00a0<a href=\"http:\/\/master.vhir.org\/wp-content\/uploads\/2019\/01\/05-Informe-Final-Avaluaci\u00f3-Externa-IAE_VHIR.pdf\" target=\"_blank\" rel=\"noopener\">Informe final de evaluaci\u00f3n de la acreditaci\u00f3n del centro 2018<\/a><\/p>\n<p><a href=\"http:\/\/master.vhir.org\/wp-content\/uploads\/2016\/03\/qualitat-docent-15-16.pdf\" rel=\"\"><img loading=\"lazy\" decoding=\"async\" src=\"http:\/\/master.vhir.org\/wp-content\/uploads\/2016\/02\/pdf-file-ico-e1454539588844.png\" alt=\"pdf-file-ico\" width=\"17\" height=\"20\" \/><\/a>\u00a0<a href=\"http:\/\/master.vhir.org\/wp-content\/uploads\/2017\/10\/Memoria-de-verificaci\u00f3-de-la-titulaci\u00f3-2014.pdf\" rel=\"\">Informe de verificaci\u00f3n de la titulaci\u00f3n<\/a><\/p>\n<p><a href=\"http:\/\/master.vhir.org\/wp-content\/uploads\/2016\/03\/qualitat-docent-15-16.pdf\" rel=\"\"><img loading=\"lazy\" decoding=\"async\" src=\"http:\/\/master.vhir.org\/wp-content\/uploads\/2016\/02\/pdf-file-ico-e1454539588844.png\" alt=\"pdf-file-ico\" width=\"17\" height=\"20\" \/><\/a>\u00a0<a href=\"http:\/\/master.vhir.org\/wp-content\/uploads\/2017\/10\/INFORME-DE-SEGUIMENT-DE-CENTRE.pdf\" rel=\"\">Memoria\u00a0<\/a><a href=\"http:\/\/master.vhir.org\/wp-content\/uploads\/2017\/10\/Memoria-de-verificaci\u00f3-de-la-titulaci\u00f3-2014.pdf\" rel=\"\">de verificaci\u00f3n de la titulaci\u00f3n<\/a><\/p>\n<p>&nbsp;<\/p>\n","protected":false},"excerpt":{"rendered":"<p>Sistema de Garant\u00eda de Calidad Docente Manual del Sistema de Garant\u00eda de Calidad Docente del VHIR Manual de Procesos del Sistema de Garant\u00eda de Calidad de Docencia del VHIR \u00a0Procedimiento de gesti\u00f3n de reclamaciones del cliente\u00a0 Informes del centro\u00a0 Plan de Mejoras de la Titulaci\u00f3n 2023-2024 Informe de seguimiento del curso 2023-2024\u00a0 Autoinfome de acreditaci\u00f3n [&hellip;]<\/p>\n","protected":false},"author":3,"featured_media":4091,"parent":0,"menu_order":0,"comment_status":"closed","ping_status":"closed","template":"page-basic.php","meta":{"_acf_changed":false,"footnotes":""},"class_list":["post-1274","page","type-page","status-publish","has-post-thumbnail","hentry"],"acf":[],"_links":{"self":[{"href":"https:\/\/master.vhir.org\/es\/wp-json\/wp\/v2\/pages\/1274","targetHints":{"allow":["GET"]}}],"collection":[{"href":"https:\/\/master.vhir.org\/es\/wp-json\/wp\/v2\/pages"}],"about":[{"href":"https:\/\/master.vhir.org\/es\/wp-json\/wp\/v2\/types\/page"}],"author":[{"embeddable":true,"href":"https:\/\/master.vhir.org\/es\/wp-json\/wp\/v2\/users\/3"}],"replies":[{"embeddable":true,"href":"https:\/\/master.vhir.org\/es\/wp-json\/wp\/v2\/comments?post=1274"}],"version-history":[{"count":35,"href":"https:\/\/master.vhir.org\/es\/wp-json\/wp\/v2\/pages\/1274\/revisions"}],"predecessor-version":[{"id":4577,"href":"https:\/\/master.vhir.org\/es\/wp-json\/wp\/v2\/pages\/1274\/revisions\/4577"}],"wp:featuredmedia":[{"embeddable":true,"href":"https:\/\/master.vhir.org\/es\/wp-json\/wp\/v2\/media\/4091"}],"wp:attachment":[{"href":"https:\/\/master.vhir.org\/es\/wp-json\/wp\/v2\/media?parent=1274"}],"curies":[{"name":"wp","href":"https:\/\/api.w.org\/{rel}","templated":true}]}}