{"id":833,"date":"2016-04-04T15:13:24","date_gmt":"2016-04-04T15:13:24","guid":{"rendered":"http:\/\/master.vhir.org\/cookies\/?lang=en"},"modified":"2016-04-04T15:25:19","modified_gmt":"2016-04-04T15:25:19","slug":"cookies","status":"publish","type":"page","link":"https:\/\/master.vhir.org\/en\/cookies\/","title":{"rendered":"Cookies"},"content":{"rendered":"<p>Para que este sitio funcione adecuadamente, a veces instalamos en los dispositivos de los usuarios peque\u00f1os ficheros de datos, conocidos como cookies. La mayor\u00eda de los grandes sitios web tambi\u00e9n lo hacen.<\/p>\n<h2>\u00bfQu\u00e9 son las cookies?<\/h2>\n<p>Una cookie es un peque\u00f1o fichero de texto que los sitios web instalan en el ordenador o el dispositivo m\u00f3vil de los usuarios que los visitan. Las cookies hacen posible que el sitio web recuerde las acciones y preferencias del usuario (identificador de inicio de sesi\u00f3n, idioma, tama\u00f1o de letra y otras preferencias de visualizaci\u00f3n), para que este no tenga que volver a configurarlos cuando regrese al sitio o navegue por sus p\u00e1ginas.<\/p>\n<h2>\u00bfC\u00f3mo utilizamos las cookies?<\/h2>\n<p>Adjust this part of the page according to your needs.\u00a0Explain which cookies you usein plain, jargon-free language. In particular:<\/p>\n<ul>\n<li>their purpose and the reason why they are being used, (e.g. to remember users&#8217; actions, to identify the user, for online behavioural advertising)<\/li>\n<li>if they are essential for the website or a given functionality to work or if they aim to enhance the performance of the website<\/li>\n<li>the types of cookies used (e.g. session or permanent, first or third-party)<\/li>\n<li>who controls\/accesses the cookie-related information (website or third party)<\/li>\n<li>that the cookie will not be used for any purpose other than the one stated<\/li>\n<li>how consent can be withdrawn.<\/li>\n<\/ul>\n<p>Example:<\/p>\n<p>En algunas p\u00e1ginas utilizamos cookies para recordar:<\/p>\n<ul>\n<li>sus preferencias de presentaci\u00f3n (por ejemplo, contraste, color o tama\u00f1o de letra)<\/li>\n<li>si ya ha respondido a una encuesta emergente sobre la utilidad de un determinado contenido (para no volver a pedirle que lo haga)<\/li>\n<li>si ha dado o no su consentimiento para que utilicemos cookies en nuestra web.<\/li>\n<\/ul>\n<p>Adem\u00e1s, algunos de los v\u00eddeos incrustados en nuestras p\u00e1ginas utilizan cookies para elaborar estad\u00edsticas an\u00f3nimas sobre c\u00f3mo ha llegado hasta ellos y qu\u00e9 v\u00eddeos ha visualizado.<\/p>\n<p>Aunque las cookies no son imprescindibles para que el sitio web funcione, si las habilita disfrutar\u00e1 de una mejor experiencia de navegaci\u00f3n. Puede borrar o bloquear las cookies, pero si lo hace es posible que algunas de las caracter\u00edsticas de esta web no funcionen adecuadamente.<\/p>\n<p>La informaci\u00f3n asociada a las cookies no se utiliza para identificar personalmente al usuario. Adem\u00e1s, mantenemos plenamente bajo nuestro control los datos sobre sus patrones de navegaci\u00f3n. Estas cookies se utilizan exclusivamente para los fines aqu\u00ed indicados.<\/p>\n<h2>C\u00f3mo controlar las cookies<\/h2>\n<p>Usted puede controlar o borrar las cookies siempre que lo desee: para m\u00e1s informaci\u00f3n, consulte\u00a0<a href=\"http:\/\/www.aboutcookies.org\/\" rel=\"nofollow\">aboutcookies.org<\/a>. Adem\u00e1s de poder eliminar todas las cookies que ya se encuentran en su ordenador, tambi\u00e9n puede configurar la mayor\u00eda de los navegadores para que dejen de aceptarlas. Pero tenga presente que, si rechaza las cookies, es posible que tenga que volver a configurar manualmente sus preferencias cada vez que visite un sitio y que dejen de funcionar determinados servicios y funcionalidades.<\/p>\n","protected":false},"excerpt":{"rendered":"<p>Para que este sitio funcione adecuadamente, a veces instalamos en los dispositivos de los usuarios peque\u00f1os ficheros de datos, conocidos como cookies. La mayor\u00eda de los grandes sitios web tambi\u00e9n lo hacen. \u00bfQu\u00e9 son las cookies? Una cookie es un peque\u00f1o fichero de texto que los sitios web instalan en el ordenador o el dispositivo [&hellip;]<\/p>\n","protected":false},"author":2,"featured_media":132,"parent":0,"menu_order":0,"comment_status":"closed","ping_status":"closed","template":"page-basic.php","meta":{"_acf_changed":false,"footnotes":""},"class_list":["post-833","page","type-page","status-publish","has-post-thumbnail","hentry"],"acf":[],"_links":{"self":[{"href":"https:\/\/master.vhir.org\/en\/wp-json\/wp\/v2\/pages\/833","targetHints":{"allow":["GET"]}}],"collection":[{"href":"https:\/\/master.vhir.org\/en\/wp-json\/wp\/v2\/pages"}],"about":[{"href":"https:\/\/master.vhir.org\/en\/wp-json\/wp\/v2\/types\/page"}],"author":[{"embeddable":true,"href":"https:\/\/master.vhir.org\/en\/wp-json\/wp\/v2\/users\/2"}],"replies":[{"embeddable":true,"href":"https:\/\/master.vhir.org\/en\/wp-json\/wp\/v2\/comments?post=833"}],"version-history":[{"count":1,"href":"https:\/\/master.vhir.org\/en\/wp-json\/wp\/v2\/pages\/833\/revisions"}],"predecessor-version":[{"id":835,"href":"https:\/\/master.vhir.org\/en\/wp-json\/wp\/v2\/pages\/833\/revisions\/835"}],"wp:featuredmedia":[{"embeddable":true,"href":"https:\/\/master.vhir.org\/en\/wp-json\/wp\/v2\/media\/132"}],"wp:attachment":[{"href":"https:\/\/master.vhir.org\/en\/wp-json\/wp\/v2\/media?parent=833"}],"curies":[{"name":"wp","href":"https:\/\/api.w.org\/{rel}","templated":true}]}}