{"id":794,"date":"2016-03-18T07:48:56","date_gmt":"2016-03-18T07:48:56","guid":{"rendered":"http:\/\/master.vhir.org\/el-master-en-xifres\/?lang=en"},"modified":"2021-08-31T08:03:39","modified_gmt":"2021-08-31T08:03:39","slug":"el-master-en-xifres","status":"publish","type":"page","link":"https:\/\/master.vhir.org\/en\/el-master-en-xifres\/","title":{"rendered":"Master in figures"},"content":{"rendered":"<p><script id=\"infogram_0_800a2aa8-f1c2-44f5-bef6-555eea3cb04b\" title=\"ENG. Cr\u00e8dits matriculats per estudiant\" src=\"https:\/\/e.infogram.com\/js\/dist\/embed.js?aFz\" type=\"text\/javascript\"><\/p>\n<p><script id=\"infogram_0_ad93d19b-51fb-439f-beb5-06720bb78cd2\" title=\"ENG: Perfils d&amp;amp;#39;estudiants\" src=\"https:\/\/e.infogram.com\/js\/dist\/embed.js?4Eu\" type=\"text\/javascript\"><\/script><\/p>\n<p><\/script><script id=\"infogram_0_c7b43b58-a3e8-4c19-b493-149d6b5acd7c\" title=\"ENG. Dades de preinscripci\u00f3\" src=\"https:\/\/e.infogram.com\/js\/dist\/embed.js?WtU\" type=\"text\/javascript\"><\/script><\/p>\n<p><script id=\"infogram_0_b4fff0da-c725-465e-abbb-99b0cc3e0440\" title=\"Copy: ESP. Distribuci\u00f3n en funci\u00f3n de la titulaci\u00f3n de acceso\" src=\"https:\/\/e.infogram.com\/js\/dist\/embed.js?OQe\" type=\"text\/javascript\"><\/script><\/p>\n<p><script id=\"infogram_0_52afca83-68c8-4f67-9acc-8e8887769167\" title=\"ENG. Dest\u00ed de pr\u00e0ctiques\" src=\"https:\/\/e.infogram.com\/js\/dist\/embed.js?nnj\" type=\"text\/javascript\"><\/script><\/p>\n<p><script id=\"infogram_0_9d840ed8-c2b2-4061-bfb6-43dada4e75da\" title=\"ENG: Taxes\" src=\"https:\/\/e.infogram.com\/js\/dist\/embed.js?wmY\" type=\"text\/javascript\"><\/script><\/p>\n","protected":false},"excerpt":{"rendered":"","protected":false},"author":4,"featured_media":89,"parent":0,"menu_order":0,"comment_status":"closed","ping_status":"closed","template":"page-basic-with-widget.php","meta":{"_acf_changed":false,"footnotes":""},"class_list":["post-794","page","type-page","status-publish","has-post-thumbnail","hentry"],"acf":[],"_links":{"self":[{"href":"https:\/\/master.vhir.org\/en\/wp-json\/wp\/v2\/pages\/794","targetHints":{"allow":["GET"]}}],"collection":[{"href":"https:\/\/master.vhir.org\/en\/wp-json\/wp\/v2\/pages"}],"about":[{"href":"https:\/\/master.vhir.org\/en\/wp-json\/wp\/v2\/types\/page"}],"author":[{"embeddable":true,"href":"https:\/\/master.vhir.org\/en\/wp-json\/wp\/v2\/users\/4"}],"replies":[{"embeddable":true,"href":"https:\/\/master.vhir.org\/en\/wp-json\/wp\/v2\/comments?post=794"}],"version-history":[{"count":27,"href":"https:\/\/master.vhir.org\/en\/wp-json\/wp\/v2\/pages\/794\/revisions"}],"predecessor-version":[{"id":2547,"href":"https:\/\/master.vhir.org\/en\/wp-json\/wp\/v2\/pages\/794\/revisions\/2547"}],"wp:featuredmedia":[{"embeddable":true,"href":"https:\/\/master.vhir.org\/en\/wp-json\/wp\/v2\/media\/89"}],"wp:attachment":[{"href":"https:\/\/master.vhir.org\/en\/wp-json\/wp\/v2\/media?parent=794"}],"curies":[{"name":"wp","href":"https:\/\/api.w.org\/{rel}","templated":true}]}}