{"id":1655,"date":"2019-05-29T10:36:41","date_gmt":"2019-05-29T10:36:41","guid":{"rendered":"http:\/\/master.vhir.org\/professorat-test\/?lang=en"},"modified":"2025-03-04T12:30:41","modified_gmt":"2025-03-04T11:30:41","slug":"teachers","status":"publish","type":"page","link":"https:\/\/master.vhir.org\/en\/teachers\/","title":{"rendered":"Teachers"},"content":{"rendered":"<p><span style=\"color: #a2018d; font-size: 20px;\">\u00a0MASTER&#8217;S COORDINATION:\u00a0<\/span><\/p>\n<table style=\"width: 69.4914%;\">\n<tbody>\n<tr>\n<td style=\"width: 28.7989%;\"><img loading=\"lazy\" decoding=\"async\" class=\"alignnone wp-image-1920 size-full\" src=\"http:\/\/master.vhir.org\/wp-content\/uploads\/2019\/05\/Quer.jpg\" alt=\"\" width=\"128\" height=\"130\" \/><\/td>\n<td style=\"width: 162.063%;\">\n<p><span style=\"font-size: 16px;\"><span style=\"color: #800080;\"><a href=\"https:\/\/vhir.vallhebron.com\/es\/profesionales\/josep-quer-sivila\">Dr. Josep Quer<\/a>,\u00a0Master&#8217;s Coordinator<br \/>\n<\/span><a href=\"https:\/\/vhir.vallhebron.com\/ca\/recerca\/malalties-hepatiques\"><span style=\"color: #999999;\"><em>Principal Investigator Responsible for Basic Research<br \/>\n<\/em><\/span><span style=\"color: #999999;\"><em>of the Hepatitis C Virus of the Liver Disease Laboratory<\/em><\/span><\/a><\/span><\/p>\n<\/td>\n<\/tr>\n<\/tbody>\n<\/table>\n<p><span style=\"color: #a2018d; font-size: 20px;\"><strong>Teachers<\/strong><\/span><\/p>\n<p><span style=\"color: #000000;\"><a style=\"color: #000000;\" href=\"http:\/\/master.vhir.org\/module\/competencies-transversals-per-a-la-recerca-translacional-en-patologia-humana\/\"><span style=\"font-size: 14px;\"><strong><span style=\"font-size: 16px;\">Module 1:<\/span><\/strong><span style=\"font-size: 16px;\"> Transversal skills for Translational Research in Human Pathology<\/span><\/span><\/a><\/span><\/p>\n<p><span style=\"font-size: 16px;\"><span style=\"color: #000000;\"><a href=\"https:\/\/vhir.vallhebron.com\/es\/profesionales\/josep-quer-sivila\">Dr. Josep Quer<\/a>, Module Coordination<br \/>\n<\/span><span style=\"color: #800080;\"><a href=\"https:\/\/vhir.vallhebron.com\/es\/profesionales\/ibane-abasolo-olaortua\">Dra. Ibane Abasolo<\/a><br \/>\n<\/span><span style=\"color: #800080;\"><a href=\"https:\/\/vhir.vallhebron.com\/es\/profesionales\/jordi-barquinero-manez\">Dr. Jordi Barquinero<\/a><br \/>\n<\/span><span style=\"color: #800080;\"><a href=\"https:\/\/vhir.vallhebron.com\/es\/profesionales\/ignacio-ferreira-gonzalez\">Dr. Ignacio Ferreira<\/a><\/span><\/span><\/p>\n<p><span style=\"color: #000000;\"><a style=\"color: #000000;\" href=\"http:\/\/master.vhir.org\/module\/aproximacio-a-la-recerca-en-lentorn-sanitari\/\"><span style=\"font-size: 14px;\"><strong><span style=\"font-size: 16px;\">Module 2:<\/span><\/strong><span style=\"font-size: 16px;\"> Advanced methodologies and tools for research. Research funding and innovation.<\/span><\/span><\/a><\/span><\/p>\n<p><span style=\"font-size: 16px;\"><span style=\"color: #000000;\"><a href=\"https:\/\/vhir.vallhebron.com\/es\/profesionales\/santiago-perez-hoyos\">Dr. Santiago P\u00e9rez Hoyos<\/a>, Module Coordination<br \/>\n<\/span><span style=\"color: #800080;\"><a href=\"https:\/\/vhir.vallhebron.com\/es\/profesionales\/mariona-esquerdo-barragan\">Dra. Mariona Esquerdo<br \/>\n<\/a><a href=\"https:\/\/vhir.vallhebron.com\/es\/profesionales\/mireia-ferrer-almirall\">Dra. Mireia Ferrer<\/a><\/span><\/span><\/p>\n<p><span style=\"color: #000000; font-size: 16px;\"><a style=\"color: #000000;\" href=\"http:\/\/master.vhir.org\/module\/malalties-del-cervell-i-del-sistema-nervios-periferic\/\"><strong>Module 3:<\/strong> Nervous System Diseases<\/a><\/span><\/p>\n<p><span style=\"font-size: 16px;\"><span style=\"color: #000000;\"><a href=\"https:\/\/vhir.vallhebron.com\/es\/profesionales\/maria-jose-perez-garcia\">Dra. Mar\u00eda Jos\u00e9 P\u00e9rez<\/a>, Module Coordination<br \/>\n<\/span><span style=\"color: #800080;\"><a href=\"https:\/\/vhir.vallhebron.com\/es\/profesionales\/maria-mar-hernandez-guillamon\">Dra. Mar Hern\u00e1ndez<\/a><br \/>\n<\/span><span style=\"color: #800080;\"><a href=\"https:\/\/vhir.vallhebron.com\/es\/profesionales\/sunny-malhotra-sareen\">Dr. Sunny Malhotra<\/a><br \/>\n<\/span><span style=\"color: #800080;\"><a href=\"https:\/\/vhir.vallhebron.com\/es\/profesionales\/yolanda-camara-navarro\">Dra. Yolanda C\u00e1mara<\/a><\/span><\/span><\/p>\n<p><span style=\"font-size: 16px;\"><a href=\"http:\/\/master.vhir.org\/module\/malalties-cardiovasculars-i-renals\/\"><span style=\"color: #33cccc;\"><span style=\"color: #000000;\"><strong>Module 4:<\/strong> Cardiovascular and Kidney Diseases<\/span><\/span><\/a><\/span><\/p>\n<p><span style=\"font-size: 16px;\"><span style=\"color: #000000;\"><a style=\"color: #000000;\" href=\"https:\/\/vhir.vallhebron.com\/es\/profesionales\/gerard-cantero-recasens\">Dr. Gerard Cantero<\/a>, Module Coordination<br \/>\n<\/span><span style=\"color: #800080;\"><a href=\"https:\/\/vhir.vallhebron.com\/es\/profesionales\/antonia-sambola-ayala\">Dra. Antonia Sambola<\/a><\/p>\n<p><\/span><a href=\"http:\/\/master.vhir.org\/module\/malalties-oncologiques\/\"><span style=\"color: #33cccc;\"><span style=\"color: #000000;\"><strong>Module 5:<\/strong> Neoplastic Diseases<\/span><\/span><\/a><\/span><\/p>\n<p><span style=\"font-size: 16px;\"><span style=\"color: #000000;\"><a href=\"https:\/\/vhir.vallhebron.com\/es\/profesionales\/josep-roma-castanyer\">Dr. Josep Roma<\/a>, Module Coordination<br \/>\n<\/span><span style=\"color: #800080;\"><a href=\"https:\/\/vhir.vallhebron.com\/es\/profesionales\/juan-angel-recio-conde\">Dr. Juan \u00c1ngel Recio<\/a><br \/>\n<\/span><span style=\"color: #800080;\"><a href=\"https:\/\/vhir.vallhebron.com\/es\/profesionales\/miguel-segura-ginard\">Dr. Miguel Segura<\/a><\/span><\/span><\/p>\n<p><span style=\"color: #000000; font-size: 16px;\"><a style=\"color: #000000;\" href=\"http:\/\/master.vhir.org\/module\/malalties-hepatiques-i-digestives\/\"><strong>Module 6:<\/strong> Liver and Digestive Diseases<\/a><\/span><\/p>\n<p><span style=\"font-size: 16px;\"><span style=\"color: #800080;\"><a href=\"https:\/\/vhir.vallhebron.com\/es\/profesionales\/maria-martell-perez-alcalde\">Dra. Maria Martell<\/a>, <span style=\"color: #000000;\">Module Coordination<\/span><a href=\"https:\/\/cvn.vhir.org\/ipublic\/profile\/index\/iMarinaID\/04-1005\"><br \/>\n<\/a><\/span><span style=\"color: #800080;\"><a href=\"https:\/\/vhir.vallhebron.com\/es\/profesionales\/carmen-alonso-cotoner\">Dra. Carmen Alonso<\/a><\/span><span style=\"color: #800080;\"><br \/>\n<\/span><a href=\"https:\/\/vhir.vallhebron.com\/es\/profesionales\/ana-maria-gonzalez-castro\"><span style=\"color: #800080;\">Dra. Ana Mar\u00eda Gonz\u00e1lez<\/span><\/a><a href=\"https:\/\/cvn.vhir.org\/ipublic\/profile\/index\/iMarinaID\/04-815\"><span style=\"color: #800080;\"><br \/>\n<\/span><\/a><span style=\"color: #800080;\"><a href=\"https:\/\/vhir.vallhebron.com\/es\/profesionales\/josep-quer-sivila\">Dr. Josep Quer<\/a><\/span><\/span><\/p>\n<p><span style=\"font-size: 16px;\"><a href=\"http:\/\/master.vhir.org\/module\/microbiologia-malalties-infeccioses-i-patologia-critica\/\"><span style=\"color: #33cccc;\"><span style=\"color: #000000;\"><strong>Module 7:<\/strong> Microbiology, Infectious Diseases and Critical Care<\/span><\/span><\/a><\/span><\/p>\n<p><span style=\"font-size: 16px;\"><span style=\"color: #000000;\"><a href=\"https:\/\/vhir.vallhebron.com\/es\/profesionales\/juan-jose-gonzalez-lopez\">Dr. Juanjo Gonz\u00e1lez<\/a>, Module Coordination<br \/>\n<\/span><span style=\"color: #800080;\"><a href=\"https:\/\/vhir.vallhebron.com\/es\/profesionales\/ricard-ferrer-roca\">Dr. Ricard Ferrer<\/a><br \/>\n<\/span><\/span><\/p>\n<p><span style=\"font-size: 16px;\"><a href=\"http:\/\/master.vhir.org\/module\/malalties-respiratories-del-sistema-immune-sistemiques-i-endocrines\/\"><span style=\"color: #33cccc;\"><span style=\"color: #000000;\"><strong>Module 8:<\/strong> Immunologic, Respiratory and Endocrine Diseases<\/span><\/span><\/a><\/span><\/p>\n<p><span style=\"font-size: 16px;\"><span style=\"color: #000000;\"><a href=\"https:\/\/vhir.vallhebron.com\/es\/profesionales\/ma-jesus-cruz-carmona\">Dra. Maria Jes\u00fas Cruz<\/a>,<\/span> <span style=\"color: #000000;\">Module Coordination<\/span><span style=\"color: #000000;\"><a href=\"https:\/\/vhir.vallhebron.com\/es\/profesionales\/josep-villena-delgado\"><br \/>\nDr. Josep Villena<\/a>\u00a0<a href=\"https:\/\/cvn.vhir.org\/ipublic\/profile\/index\/iMarinaID\/04-262\"><br \/>\n<\/a><a href=\"https:\/\/vhir.vallhebron.com\/es\/profesionales\/laura-vinas-gimenez\"><span style=\"color: #800080;\">Dra. Laura Vi\u00f1as<\/span><\/a><\/span><\/span><\/p>\n<p><span style=\"font-size: 16px;\"><a href=\"http:\/\/master.vhir.org\/module\/practiques-de-recerca\/\"><span style=\"color: #33cccc;\"><span style=\"color: #000000;\"><strong>Module 9<\/strong>: Internship<\/span><\/span><\/a><span style=\"color: #33cccc;\"><br \/>\n<\/span><a href=\"https:\/\/vhir.vallhebron.com\/es\/profesionales\/ibane-abasolo-olaortua\">Dra. Ibane Abasolo<\/a><\/span><\/p>\n<p><span style=\"font-size: 16px;\"><a href=\"http:\/\/master.vhir.org\/module\/treball-de-fi-de-master\/\"><span style=\"color: #33cccc;\"><span style=\"color: #000000;\"><strong>Module 10:<\/strong> Master&#8217;s Degree Final Project<\/span><br \/>\n<\/span><\/a><a href=\"https:\/\/vhir.vallhebron.com\/es\/profesionales\/maria-martell-perez-alcalde\">Dra. Maria Martell<\/a><\/span><\/p>\n","protected":false},"excerpt":{"rendered":"<p>\u00a0MASTER&#8217;S COORDINATION:\u00a0 Dr. Josep Quer,\u00a0Master&#8217;s Coordinator Principal Investigator Responsible for Basic Research of the Hepatitis C Virus of the Liver Disease Laboratory Teachers Module 1: Transversal skills for Translational Research in Human Pathology Dr. Josep Quer, Module Coordination Dra. Ibane Abasolo Dr. Jordi Barquinero Dr. Ignacio Ferreira Module 2: Advanced methodologies and tools for research. [&hellip;]<\/p>\n","protected":false},"author":2,"featured_media":2982,"parent":0,"menu_order":0,"comment_status":"closed","ping_status":"closed","template":"page-basic.php","meta":{"_acf_changed":false,"footnotes":""},"class_list":["post-1655","page","type-page","status-publish","has-post-thumbnail","hentry"],"acf":[],"_links":{"self":[{"href":"https:\/\/master.vhir.org\/en\/wp-json\/wp\/v2\/pages\/1655","targetHints":{"allow":["GET"]}}],"collection":[{"href":"https:\/\/master.vhir.org\/en\/wp-json\/wp\/v2\/pages"}],"about":[{"href":"https:\/\/master.vhir.org\/en\/wp-json\/wp\/v2\/types\/page"}],"author":[{"embeddable":true,"href":"https:\/\/master.vhir.org\/en\/wp-json\/wp\/v2\/users\/2"}],"replies":[{"embeddable":true,"href":"https:\/\/master.vhir.org\/en\/wp-json\/wp\/v2\/comments?post=1655"}],"version-history":[{"count":43,"href":"https:\/\/master.vhir.org\/en\/wp-json\/wp\/v2\/pages\/1655\/revisions"}],"predecessor-version":[{"id":4656,"href":"https:\/\/master.vhir.org\/en\/wp-json\/wp\/v2\/pages\/1655\/revisions\/4656"}],"wp:featuredmedia":[{"embeddable":true,"href":"https:\/\/master.vhir.org\/en\/wp-json\/wp\/v2\/media\/2982"}],"wp:attachment":[{"href":"https:\/\/master.vhir.org\/en\/wp-json\/wp\/v2\/media?parent=1655"}],"curies":[{"name":"wp","href":"https:\/\/api.w.org\/{rel}","templated":true}]}}